{"id":105424,"date":"2017-03-23T00:48:05","date_gmt":"2017-03-23T00:48:05","guid":{"rendered":"http:\/\/keramika.holest.com\/slovenija\/product\/mosavit-mozaik-ploscice-danish-star\/"},"modified":"2026-01-04T00:01:34","modified_gmt":"2026-01-04T00:01:34","slug":"mosavit-mozaik-ploscice-danish-star","status":"publish","type":"product","link":"https:\/\/www.keramika.com\/slovenija\/mosavit-mozaik-ploscice-danish-star\/","title":{"rendered":"Mosavit mozaik plo\u0161\u010dice Danish Star"},"content":{"rendered":"<p>V redni prodaji bi morali za ta mozaik od\u0161teti 842,19 EUR, spletna cena pa zna\u0161a le 673,75 EUR. Mozaik na sliki je pripet na mre\u017eo, kar olaj\u0161a njegovo polaganje. Mre\u017ea je velika 31,6&#215;31,6 cm. Ta mozaik je izdelal proizvajalec Mosavit, ki prihaja iz \u0160panije. Ta mozaik je debel 4 mm in je zelo trpe\u017een. Zelo moderen mozaik v dominanti beli barvi popestri prav vsak prostor.<\/p>\n<p>Technical description: Min. 1 box \u2013 Delivery 30 Euro\/box in EU<\/p>\n","protected":false},"excerpt":{"rendered":"<p>V redni prodaji bi morali za ta mozaik od\u0161teti 842,19 EUR, spletna cena pa zna\u0161a le 673,75 EUR. Mozaik na sliki je pripet na mre\u017eo, kar olaj\u0161a njegovo polaganje. Mre\u017ea je velika 31,6&#215;31,6 cm. Ta mozaik je izdelal proizvajalec Mosavit, ki prihaja iz \u0160panije. Ta mozaik je debel 4 mm in je zelo trpe\u017een. Zelo [&hellip;]<\/p>\n","protected":false},"featured_media":105425,"template":"","meta":[],"product_cat":[999405,400,999,410],"product_tag":[],"_links":{"self":[{"href":"https:\/\/www.keramika.com\/slovenija\/wp-json\/wp\/v2\/product\/105424"}],"collection":[{"href":"https:\/\/www.keramika.com\/slovenija\/wp-json\/wp\/v2\/product"}],"about":[{"href":"https:\/\/www.keramika.com\/slovenija\/wp-json\/wp\/v2\/types\/product"}],"wp:featuredmedia":[{"embeddable":true,"href":"https:\/\/www.keramika.com\/slovenija\/wp-json\/wp\/v2\/media\/105425"}],"wp:attachment":[{"href":"https:\/\/www.keramika.com\/slovenija\/wp-json\/wp\/v2\/media?parent=105424"}],"wp:term":[{"taxonomy":"product_cat","embeddable":true,"href":"https:\/\/www.keramika.com\/slovenija\/wp-json\/wp\/v2\/product_cat?post=105424"},{"taxonomy":"product_tag","embeddable":true,"href":"https:\/\/www.keramika.com\/slovenija\/wp-json\/wp\/v2\/product_tag?post=105424"}],"curies":[{"name":"wp","href":"https:\/\/api.w.org\/{rel}","templated":true}]}}