{"id":105416,"date":"2017-03-23T00:47:41","date_gmt":"2017-03-23T00:47:41","guid":{"rendered":"http:\/\/keramika.holest.com\/slovenija\/product\/mosavit-mozaik-ploscice-cloudy-grey\/"},"modified":"2026-01-04T00:01:33","modified_gmt":"2026-01-04T00:01:33","slug":"mosavit-mozaik-ploscice-cloudy-grey","status":"publish","type":"product","link":"https:\/\/www.keramika.com\/slovenija\/mosavit-mozaik-ploscice-cloudy-grey\/","title":{"rendered":"Mosavit mozaik plo\u0161\u010dice Cloudy Grey"},"content":{"rendered":"<p>Zelo moderen mozaik v dominanti sivi barvi popestri prav vsak prostor. Ta mozaik je debel 4 mm in je zelo trpe\u017een. Dimenzije mre\u017ee na katero je pripet ta mozaik so 31,6&#215;31,6 cm. Mre\u017ea omogo\u010da enostavnej\u0161e polaganje. 135,94 EUR v klasi\u010dni trgovini, pri nas pa le 108,75 EUR. Ta mozaik je izdelal proizvajalec Mosavit, ki prihaja iz \u0160panije.<\/p>\n<p>Technical description: Min. 1 box \u2013 Delivery 30 Euro\/box in EU<\/p>\n","protected":false},"excerpt":{"rendered":"<p>Zelo moderen mozaik v dominanti sivi barvi popestri prav vsak prostor. Ta mozaik je debel 4 mm in je zelo trpe\u017een. Dimenzije mre\u017ee na katero je pripet ta mozaik so 31,6&#215;31,6 cm. Mre\u017ea omogo\u010da enostavnej\u0161e polaganje. 135,94 EUR v klasi\u010dni trgovini, pri nas pa le 108,75 EUR. Ta mozaik je izdelal proizvajalec Mosavit, ki prihaja [&hellip;]<\/p>\n","protected":false},"featured_media":105417,"template":"","meta":[],"product_cat":[420,999405,400,999],"product_tag":[],"_links":{"self":[{"href":"https:\/\/www.keramika.com\/slovenija\/wp-json\/wp\/v2\/product\/105416"}],"collection":[{"href":"https:\/\/www.keramika.com\/slovenija\/wp-json\/wp\/v2\/product"}],"about":[{"href":"https:\/\/www.keramika.com\/slovenija\/wp-json\/wp\/v2\/types\/product"}],"wp:featuredmedia":[{"embeddable":true,"href":"https:\/\/www.keramika.com\/slovenija\/wp-json\/wp\/v2\/media\/105417"}],"wp:attachment":[{"href":"https:\/\/www.keramika.com\/slovenija\/wp-json\/wp\/v2\/media?parent=105416"}],"wp:term":[{"taxonomy":"product_cat","embeddable":true,"href":"https:\/\/www.keramika.com\/slovenija\/wp-json\/wp\/v2\/product_cat?post=105416"},{"taxonomy":"product_tag","embeddable":true,"href":"https:\/\/www.keramika.com\/slovenija\/wp-json\/wp\/v2\/product_tag?post=105416"}],"curies":[{"name":"wp","href":"https:\/\/api.w.org\/{rel}","templated":true}]}}