{"id":105412,"date":"2017-10-23T00:47:30","date_gmt":"2017-10-23T00:47:30","guid":{"rendered":"http:\/\/keramika.holest.com\/slovenija\/product\/mosavit-mozaik-ploscice-canto-negra\/"},"modified":"2026-01-04T00:01:33","modified_gmt":"2026-01-04T00:01:33","slug":"mosavit-mozaik-ploscice-canto-negra","status":"publish","type":"product","link":"https:\/\/www.keramika.com\/slovenija\/mosavit-mozaik-ploscice-canto-negra\/","title":{"rendered":"Mosavit mozaik plo\u0161\u010dice Canto Negra"},"content":{"rendered":"<p>Mosavit mosaic Canto Negra je na voljo po zelo ugodni ceni 133,75 EUR. Mosavit mosaic Canto Negra je pripeljana iz \u0160panije in je zelo kvalitetna. Ta model mozaik plo\u0161\u010dic se najbolje prodaja v \u010drni barvi. Velikost mre\u017ee z mozaikom je 30&#215;30 cm, kar omogo\u010da enostavno polaganje. Ta mozaik je debel 4 mm in je zelo trpe\u017een.<\/p>\n<p>Najmanj\u0161e naro\u010dilo, polna \u0161katla.<br \/>\nDostava 30 EUR \/ \u0161katla.<\/p>\n","protected":false},"excerpt":{"rendered":"<p>\u010crni mozaik iz naravnega kamena<\/p>\n","protected":false},"featured_media":105413,"template":"","meta":[],"product_cat":[420,999405,400,999],"product_tag":[99921989],"_links":{"self":[{"href":"https:\/\/www.keramika.com\/slovenija\/wp-json\/wp\/v2\/product\/105412"}],"collection":[{"href":"https:\/\/www.keramika.com\/slovenija\/wp-json\/wp\/v2\/product"}],"about":[{"href":"https:\/\/www.keramika.com\/slovenija\/wp-json\/wp\/v2\/types\/product"}],"wp:featuredmedia":[{"embeddable":true,"href":"https:\/\/www.keramika.com\/slovenija\/wp-json\/wp\/v2\/media\/105413"}],"wp:attachment":[{"href":"https:\/\/www.keramika.com\/slovenija\/wp-json\/wp\/v2\/media?parent=105412"}],"wp:term":[{"taxonomy":"product_cat","embeddable":true,"href":"https:\/\/www.keramika.com\/slovenija\/wp-json\/wp\/v2\/product_cat?post=105412"},{"taxonomy":"product_tag","embeddable":true,"href":"https:\/\/www.keramika.com\/slovenija\/wp-json\/wp\/v2\/product_tag?post=105412"}],"curies":[{"name":"wp","href":"https:\/\/api.w.org\/{rel}","templated":true}]}}