{"id":105410,"date":"2017-10-23T00:47:25","date_gmt":"2017-10-23T00:47:25","guid":{"rendered":"http:\/\/keramika.holest.com\/slovenija\/product\/mosavit-mozaik-ploscice-canto-mix\/"},"modified":"2026-01-04T00:01:33","modified_gmt":"2026-01-04T00:01:33","slug":"mosavit-mozaik-ploscice-canto-mix","status":"publish","type":"product","link":"https:\/\/www.keramika.com\/slovenija\/mosavit-mozaik-ploscice-canto-mix\/","title":{"rendered":"Mosavit mozaik plo\u0161\u010dice Canto Mix"},"content":{"rendered":"<p>Pri izbiri mozaika v glavni be\u017e barvi ne morete zgre\u0161iti. Dimenzije mre\u017ee na katero je pripet ta mozaik so 30&#215;30 cm. Mre\u017ea omogo\u010da enostavnej\u0161e polaganje. Mozaik je debel kar 4 mm, kar ga uvr\u0161\u010da med bolj trde mozaik plo\u0161\u010dice. Ta mozaik je izdelal proizvajalec Mosavit, ki prihaja iz \u0160panije. Na spletu boste za ta mozaik od\u0161teli le 133,75 EUR, medtem ko v redni prodaji cena zna\u0161a 167,19 EUR.<\/p>\n<p>Najmanj\u0161e naro\u010dilo, polna \u0161katla.<br \/>\nDostava 30 EUR \/ \u0161katla.<\/p>\n","protected":false},"excerpt":{"rendered":"<p>Mozaik iz naravnega kamna<\/p>\n","protected":false},"featured_media":105411,"template":"","meta":[],"product_cat":[420,999405,400,999],"product_tag":[99921989,99921990],"_links":{"self":[{"href":"https:\/\/www.keramika.com\/slovenija\/wp-json\/wp\/v2\/product\/105410"}],"collection":[{"href":"https:\/\/www.keramika.com\/slovenija\/wp-json\/wp\/v2\/product"}],"about":[{"href":"https:\/\/www.keramika.com\/slovenija\/wp-json\/wp\/v2\/types\/product"}],"wp:featuredmedia":[{"embeddable":true,"href":"https:\/\/www.keramika.com\/slovenija\/wp-json\/wp\/v2\/media\/105411"}],"wp:attachment":[{"href":"https:\/\/www.keramika.com\/slovenija\/wp-json\/wp\/v2\/media?parent=105410"}],"wp:term":[{"taxonomy":"product_cat","embeddable":true,"href":"https:\/\/www.keramika.com\/slovenija\/wp-json\/wp\/v2\/product_cat?post=105410"},{"taxonomy":"product_tag","embeddable":true,"href":"https:\/\/www.keramika.com\/slovenija\/wp-json\/wp\/v2\/product_tag?post=105410"}],"curies":[{"name":"wp","href":"https:\/\/api.w.org\/{rel}","templated":true}]}}