{"id":105400,"date":"2017-03-23T00:46:56","date_gmt":"2017-03-23T00:46:56","guid":{"rendered":"http:\/\/keramika.holest.com\/slovenija\/product\/mosavit-mozaik-ploscice-benares\/"},"modified":"2026-01-04T00:01:32","modified_gmt":"2026-01-04T00:01:32","slug":"mosavit-mozaik-ploscice-benares","status":"publish","type":"product","link":"https:\/\/www.keramika.com\/slovenija\/mosavit-mozaik-ploscice-benares\/","title":{"rendered":"Mosavit mozaik plo\u0161\u010dice Benares"},"content":{"rendered":"<p>Ta mozaik plo\u0161\u010dica v \u010dudoviti be\u017e barvi bo obogatila vsak prostor. Mosavit mosaic Benares je plo\u0161\u010dica proizvajalca Mosavit in prihaja iz \u0160panije. Dimenzije mre\u017ee na katero je pripet ta mozaik so 31,6&#215;31,6 cm. Mre\u017ea omogo\u010da enostavnej\u0161e polaganje. 4 mm je debelina, ki zadovolji tudi zahtevnej\u0161e kupce. Mosavit mosaic Benares je na voljo po zelo ugodni ceni 117,5 EUR.<\/p>\n<p>Technical description: Min. 1 box \u2013 Delivery 30 Euro\/box in EU<\/p>\n","protected":false},"excerpt":{"rendered":"<p>Ta mozaik plo\u0161\u010dica v \u010dudoviti be\u017e barvi bo obogatila vsak prostor. Mosavit mosaic Benares je plo\u0161\u010dica proizvajalca Mosavit in prihaja iz \u0160panije. Dimenzije mre\u017ee na katero je pripet ta mozaik so 31,6&#215;31,6 cm. Mre\u017ea omogo\u010da enostavnej\u0161e polaganje. 4 mm je debelina, ki zadovolji tudi zahtevnej\u0161e kupce. Mosavit mosaic Benares je na voljo po zelo ugodni [&hellip;]<\/p>\n","protected":false},"featured_media":105401,"template":"","meta":[],"product_cat":[999405,400,999,410],"product_tag":[],"_links":{"self":[{"href":"https:\/\/www.keramika.com\/slovenija\/wp-json\/wp\/v2\/product\/105400"}],"collection":[{"href":"https:\/\/www.keramika.com\/slovenija\/wp-json\/wp\/v2\/product"}],"about":[{"href":"https:\/\/www.keramika.com\/slovenija\/wp-json\/wp\/v2\/types\/product"}],"wp:featuredmedia":[{"embeddable":true,"href":"https:\/\/www.keramika.com\/slovenija\/wp-json\/wp\/v2\/media\/105401"}],"wp:attachment":[{"href":"https:\/\/www.keramika.com\/slovenija\/wp-json\/wp\/v2\/media?parent=105400"}],"wp:term":[{"taxonomy":"product_cat","embeddable":true,"href":"https:\/\/www.keramika.com\/slovenija\/wp-json\/wp\/v2\/product_cat?post=105400"},{"taxonomy":"product_tag","embeddable":true,"href":"https:\/\/www.keramika.com\/slovenija\/wp-json\/wp\/v2\/product_tag?post=105400"}],"curies":[{"name":"wp","href":"https:\/\/api.w.org\/{rel}","templated":true}]}}