{"id":105390,"date":"2017-03-23T00:46:28","date_gmt":"2017-03-23T00:46:28","guid":{"rendered":"http:\/\/keramika.holest.com\/slovenija\/product\/mosavit-mozaik-ploscice-asi-negro\/"},"modified":"2026-01-04T00:01:31","modified_gmt":"2026-01-04T00:01:31","slug":"mosavit-mozaik-ploscice-asi-negro","status":"publish","type":"product","link":"https:\/\/www.keramika.com\/slovenija\/mosavit-mozaik-ploscice-asi-negro\/","title":{"rendered":"Mosavit mozaik plo\u0161\u010dice Asi Negro"},"content":{"rendered":"<p>Mosavit mosaic Asi Negro prihaja iz \u0160panije, ki je znana po zelo kvalitetni keramiki v svetovnem merilu. 4 mm je debelina, ki zadovolji tudi zahtevnej\u0161e kupce. Mosavit mosaic Asi Negro je na voljo po zelo ugodni ceni 24,75 EUR. Letos so mozaiki v modri barvi zelo za\u017eeljeni. Mozaik dobite pripet na mre\u017eo, kar olaj\u0161a njegovo polaganje. Velikost mre\u017ee je 30&#215;30 cm in je primerna za razli\u010dne povr\u0161ine.<\/p>\n<p>Technical description: Min. 1 box \u2013 Delivery 30 Euro\/box in EU<\/p>\n","protected":false},"excerpt":{"rendered":"<p>Mosavit mosaic Asi Negro prihaja iz \u0160panije, ki je znana po zelo kvalitetni keramiki v svetovnem merilu. 4 mm je debelina, ki zadovolji tudi zahtevnej\u0161e kupce. Mosavit mosaic Asi Negro je na voljo po zelo ugodni ceni 24,75 EUR. Letos so mozaiki v modri barvi zelo za\u017eeljeni. Mozaik dobite pripet na mre\u017eo, kar olaj\u0161a njegovo [&hellip;]<\/p>\n","protected":false},"featured_media":105391,"template":"","meta":[],"product_cat":[420,999405,400,999],"product_tag":[],"_links":{"self":[{"href":"https:\/\/www.keramika.com\/slovenija\/wp-json\/wp\/v2\/product\/105390"}],"collection":[{"href":"https:\/\/www.keramika.com\/slovenija\/wp-json\/wp\/v2\/product"}],"about":[{"href":"https:\/\/www.keramika.com\/slovenija\/wp-json\/wp\/v2\/types\/product"}],"wp:featuredmedia":[{"embeddable":true,"href":"https:\/\/www.keramika.com\/slovenija\/wp-json\/wp\/v2\/media\/105391"}],"wp:attachment":[{"href":"https:\/\/www.keramika.com\/slovenija\/wp-json\/wp\/v2\/media?parent=105390"}],"wp:term":[{"taxonomy":"product_cat","embeddable":true,"href":"https:\/\/www.keramika.com\/slovenija\/wp-json\/wp\/v2\/product_cat?post=105390"},{"taxonomy":"product_tag","embeddable":true,"href":"https:\/\/www.keramika.com\/slovenija\/wp-json\/wp\/v2\/product_tag?post=105390"}],"curies":[{"name":"wp","href":"https:\/\/api.w.org\/{rel}","templated":true}]}}