{"id":105382,"date":"2017-04-23T00:46:07","date_gmt":"2017-04-23T00:46:07","guid":{"rendered":"http:\/\/keramika.holest.com\/slovenija\/product\/mosavit-mozaik-ploscice-asi-beige\/"},"modified":"2026-01-04T00:01:30","modified_gmt":"2026-01-04T00:01:30","slug":"mosavit-mozaik-ploscice-asi-beige","status":"publish","type":"product","link":"https:\/\/www.keramika.com\/slovenija\/mosavit-mozaik-ploscice-asi-beige\/","title":{"rendered":"Mosavit mozaik plo\u0161\u010dice Asi Beige"},"content":{"rendered":"<p>Keramika v beli barvi popestri vsak prostor. Ta mozaik je izdelal proizvajalec Mosavit, ki prihaja iz \u0160panije. Ta mozaik je debel 4 mm in je zelo trpe\u017een. Mozaik dobite pripet na mre\u017eo, kar olaj\u0161a njegovo polaganje. Velikost mre\u017ee je 30&#215;30 cm in je primerna za razli\u010dne povr\u0161ine. Mosavit mosaic Asi Beige je na voljo po zelo ugodni ceni 27,25 EUR.<\/p>\n<p>Technical description: Min. 1 box \u2013 Delivery 30 Euro\/box in EU<\/p>\n","protected":false},"excerpt":{"rendered":"<p>Keramika v beli barvi popestri vsak prostor. Ta mozaik je izdelal proizvajalec Mosavit, ki prihaja iz \u0160panije. Ta mozaik je debel 4 mm in je zelo trpe\u017een. Mozaik dobite pripet na mre\u017eo, kar olaj\u0161a njegovo polaganje. Velikost mre\u017ee je 30&#215;30 cm in je primerna za razli\u010dne povr\u0161ine. Mosavit mosaic Asi Beige je na voljo po [&hellip;]<\/p>\n","protected":false},"featured_media":105383,"template":"","meta":[],"product_cat":[420,999405,400,999],"product_tag":[],"_links":{"self":[{"href":"https:\/\/www.keramika.com\/slovenija\/wp-json\/wp\/v2\/product\/105382"}],"collection":[{"href":"https:\/\/www.keramika.com\/slovenija\/wp-json\/wp\/v2\/product"}],"about":[{"href":"https:\/\/www.keramika.com\/slovenija\/wp-json\/wp\/v2\/types\/product"}],"wp:featuredmedia":[{"embeddable":true,"href":"https:\/\/www.keramika.com\/slovenija\/wp-json\/wp\/v2\/media\/105383"}],"wp:attachment":[{"href":"https:\/\/www.keramika.com\/slovenija\/wp-json\/wp\/v2\/media?parent=105382"}],"wp:term":[{"taxonomy":"product_cat","embeddable":true,"href":"https:\/\/www.keramika.com\/slovenija\/wp-json\/wp\/v2\/product_cat?post=105382"},{"taxonomy":"product_tag","embeddable":true,"href":"https:\/\/www.keramika.com\/slovenija\/wp-json\/wp\/v2\/product_tag?post=105382"}],"curies":[{"name":"wp","href":"https:\/\/api.w.org\/{rel}","templated":true}]}}