{"id":105376,"date":"2017-03-23T00:45:54","date_gmt":"2017-03-23T00:45:54","guid":{"rendered":"http:\/\/keramika.holest.com\/slovenija\/product\/mosavit-mozaik-ploscice-african-leather\/"},"modified":"2026-01-04T00:01:29","modified_gmt":"2026-01-04T00:01:29","slug":"mosavit-mozaik-ploscice-african-leather","status":"publish","type":"product","link":"https:\/\/www.keramika.com\/slovenija\/mosavit-mozaik-ploscice-african-leather\/","title":{"rendered":"Mosavit mozaik plo\u0161\u010dice African Leather"},"content":{"rendered":"<p>Velikost mre\u017ee z mozaikom je 31,6&#215;31,6 cm, kar omogo\u010da enostavno polaganje. V redni prodaji bi morali za ta mozaik od\u0161teti 807,81 EUR, spletna cena pa zna\u0161a le 646,25 EUR. Keramika v beli barvi popestri vsak prostor. 4 mm je debelina, ki zadovolji tudi zahtevnej\u0161e kupce. Ta mozaik plo\u0161\u010dica prihaja iz \u0160panije, ki je znana po kvalitetni keramiki.<\/p>\n<p>Technical description: Min. 1 box \u2013 Delivery 30 Euro\/box in EU<\/p>\n","protected":false},"excerpt":{"rendered":"<p>Velikost mre\u017ee z mozaikom je 31,6&#215;31,6 cm, kar omogo\u010da enostavno polaganje. V redni prodaji bi morali za ta mozaik od\u0161teti 807,81 EUR, spletna cena pa zna\u0161a le 646,25 EUR. Keramika v beli barvi popestri vsak prostor. 4 mm je debelina, ki zadovolji tudi zahtevnej\u0161e kupce. Ta mozaik plo\u0161\u010dica prihaja iz \u0160panije, ki je znana po [&hellip;]<\/p>\n","protected":false},"featured_media":105377,"template":"","meta":[],"product_cat":[999405,400,999,410],"product_tag":[],"_links":{"self":[{"href":"https:\/\/www.keramika.com\/slovenija\/wp-json\/wp\/v2\/product\/105376"}],"collection":[{"href":"https:\/\/www.keramika.com\/slovenija\/wp-json\/wp\/v2\/product"}],"about":[{"href":"https:\/\/www.keramika.com\/slovenija\/wp-json\/wp\/v2\/types\/product"}],"wp:featuredmedia":[{"embeddable":true,"href":"https:\/\/www.keramika.com\/slovenija\/wp-json\/wp\/v2\/media\/105377"}],"wp:attachment":[{"href":"https:\/\/www.keramika.com\/slovenija\/wp-json\/wp\/v2\/media?parent=105376"}],"wp:term":[{"taxonomy":"product_cat","embeddable":true,"href":"https:\/\/www.keramika.com\/slovenija\/wp-json\/wp\/v2\/product_cat?post=105376"},{"taxonomy":"product_tag","embeddable":true,"href":"https:\/\/www.keramika.com\/slovenija\/wp-json\/wp\/v2\/product_tag?post=105376"}],"curies":[{"name":"wp","href":"https:\/\/api.w.org\/{rel}","templated":true}]}}