{"id":105362,"date":"2017-03-23T00:45:21","date_gmt":"2017-03-23T00:45:21","guid":{"rendered":"http:\/\/keramika.holest.com\/slovenija\/product\/alttoglass-mozaik-volcano-santorini\/"},"modified":"2026-01-04T00:01:28","modified_gmt":"2026-01-04T00:01:28","slug":"alttoglass-mozaik-volcano-santorini","status":"publish","type":"product","link":"https:\/\/www.keramika.com\/slovenija\/alttoglass-mozaik-volcano-santorini\/","title":{"rendered":"Alttoglass mozaik Volcano Santorini"},"content":{"rendered":"<p>Mozaik je debel kar 8 mm, kar ga uvr\u0161\u010da med bolj trde mozaik plo\u0161\u010dice. Z 30&#215;30 cm je mre\u017ea na katero so pripete te mozaik plo\u0161\u010dice primerna za razli\u010dne podlage. Pri izbiri mozaika v glavni beli barvi ne morete zgre\u0161iti. Ta mozaik je izdelal proizvajalec Alttoglass, ki prihaja iz \u0160panije. V redni prodaji bi morali za ta mozaik od\u0161teti 220 EUR, spletna cena pa zna\u0161a le 176 EUR.<\/p>\n<p>Kliknite na ime kolekcije za ogled vseh plo\u0161\u010dic iz te serije: <a class=\"pdfcatal\" href=\"\/\/www.ceramictiles.com\/pdf\/altoglass\/catalogue_altoglass_volcano.pdf\" onclick=\"recordOutboundLink(this, 'E-mail', 'Description PDF');return false;\">Alttoglass Volcano<\/a><\/p>\n<p>\u010ce \u017eelite naro\u010diti model iz pdf kataloga te kolekcije, nam pi\u0161ite na: <a href=\"mailto:keramoteka.salon@gmail.com\" onclick=\"recordOutboundLink(this, 'E-mail', 'Description mail');return false;\">keramoteka.salon@gmail.com<\/a> ali pa nas pokli\u010dite na: 031 255 900.<\/p>\n<p>Technical description: <br \/>Min. 1 box \u2013 Delivery 30 Euro\/box in EU<br \/>14 kg -1 m2\/box<\/p>\n","protected":false},"excerpt":{"rendered":"<p>Mozaik je debel kar 8 mm, kar ga uvr\u0161\u010da med bolj trde mozaik plo\u0161\u010dice. Z 30&#215;30 cm je mre\u017ea na katero so pripete te mozaik plo\u0161\u010dice primerna za razli\u010dne podlage. Pri izbiri mozaika v glavni beli barvi ne morete zgre\u0161iti. Ta mozaik je izdelal proizvajalec Alttoglass, ki prihaja iz \u0160panije. V redni prodaji bi morali [&hellip;]<\/p>\n","protected":false},"featured_media":105363,"template":"","meta":[],"product_cat":[999759,400,999,410],"product_tag":[],"_links":{"self":[{"href":"https:\/\/www.keramika.com\/slovenija\/wp-json\/wp\/v2\/product\/105362"}],"collection":[{"href":"https:\/\/www.keramika.com\/slovenija\/wp-json\/wp\/v2\/product"}],"about":[{"href":"https:\/\/www.keramika.com\/slovenija\/wp-json\/wp\/v2\/types\/product"}],"wp:featuredmedia":[{"embeddable":true,"href":"https:\/\/www.keramika.com\/slovenija\/wp-json\/wp\/v2\/media\/105363"}],"wp:attachment":[{"href":"https:\/\/www.keramika.com\/slovenija\/wp-json\/wp\/v2\/media?parent=105362"}],"wp:term":[{"taxonomy":"product_cat","embeddable":true,"href":"https:\/\/www.keramika.com\/slovenija\/wp-json\/wp\/v2\/product_cat?post=105362"},{"taxonomy":"product_tag","embeddable":true,"href":"https:\/\/www.keramika.com\/slovenija\/wp-json\/wp\/v2\/product_tag?post=105362"}],"curies":[{"name":"wp","href":"https:\/\/api.w.org\/{rel}","templated":true}]}}