{"id":105346,"date":"2017-03-23T00:44:45","date_gmt":"2017-03-23T00:44:45","guid":{"rendered":"http:\/\/keramika.holest.com\/slovenija\/product\/alttoglass-mozaik-titanio-siria\/"},"modified":"2026-01-04T00:01:25","modified_gmt":"2026-01-04T00:01:25","slug":"alttoglass-mozaik-titanio-siria","status":"publish","type":"product","link":"https:\/\/www.keramika.com\/slovenija\/alttoglass-mozaik-titanio-siria\/","title":{"rendered":"Alttoglass mozaik Titanio Siria"},"content":{"rendered":"<p>Velikost mre\u017ee z mozaikom je 33,3&#215;33,3 cm, kar omogo\u010da enostavno polaganje. 121,88 EUR v klasi\u010dni trgovini, pri nas pa le 97,5 EUR. Pri izbiri mozaika v glavni be\u017e barvi ne morete zgre\u0161iti. Debelina kar 4 mm dela ta mozaik zelo trpe\u017een in presti\u017een na otip. Ta mozaik plo\u0161\u010dica prihaja iz \u0160panije, ki je znana po kvalitetni keramiki.<\/p>\n<p>Kliknite na ime kolekcije za ogled vseh plo\u0161\u010dic iz te serije: <a class=\"pdfcatal\" href=\"\/\/www.ceramictiles.com\/pdf\/altoglass\/catalogue_altoglass_titanio.pdf\" onclick=\"recordOutboundLink(this, 'E-mail', 'Description PDF');return false;\">Alttoglass Titanio<\/a><\/p>\n<p>\u010ce \u017eelite naro\u010diti model iz pdf kataloga te kolekcije, nam pi\u0161ite na: <a href=\"mailto:keramoteka.salon@gmail.com\" onclick=\"recordOutboundLink(this, 'E-mail', 'Description mail');return false;\">keramoteka.salon@gmail.com<\/a> ali pa nas pokli\u010dite na: 031 255 900.<\/p>\n<p>Technical description: <br \/>Min. 1 box \u2013 Delivery 30 Euro\/box in EU<br \/>8.2 kg -1 m2\/box<\/p>\n","protected":false},"excerpt":{"rendered":"<p>Velikost mre\u017ee z mozaikom je 33,3&#215;33,3 cm, kar omogo\u010da enostavno polaganje. 121,88 EUR v klasi\u010dni trgovini, pri nas pa le 97,5 EUR. Pri izbiri mozaika v glavni be\u017e barvi ne morete zgre\u0161iti. Debelina kar 4 mm dela ta mozaik zelo trpe\u017een in presti\u017een na otip. Ta mozaik plo\u0161\u010dica prihaja iz \u0160panije, ki je znana po [&hellip;]<\/p>\n","protected":false},"featured_media":105347,"template":"","meta":[],"product_cat":[999759,400,999,410],"product_tag":[],"_links":{"self":[{"href":"https:\/\/www.keramika.com\/slovenija\/wp-json\/wp\/v2\/product\/105346"}],"collection":[{"href":"https:\/\/www.keramika.com\/slovenija\/wp-json\/wp\/v2\/product"}],"about":[{"href":"https:\/\/www.keramika.com\/slovenija\/wp-json\/wp\/v2\/types\/product"}],"wp:featuredmedia":[{"embeddable":true,"href":"https:\/\/www.keramika.com\/slovenija\/wp-json\/wp\/v2\/media\/105347"}],"wp:attachment":[{"href":"https:\/\/www.keramika.com\/slovenija\/wp-json\/wp\/v2\/media?parent=105346"}],"wp:term":[{"taxonomy":"product_cat","embeddable":true,"href":"https:\/\/www.keramika.com\/slovenija\/wp-json\/wp\/v2\/product_cat?post=105346"},{"taxonomy":"product_tag","embeddable":true,"href":"https:\/\/www.keramika.com\/slovenija\/wp-json\/wp\/v2\/product_tag?post=105346"}],"curies":[{"name":"wp","href":"https:\/\/api.w.org\/{rel}","templated":true}]}}