{"id":105318,"date":"2017-03-23T00:43:43","date_gmt":"2017-03-23T00:43:43","guid":{"rendered":"http:\/\/keramika.holest.com\/slovenija\/product\/alttoglass-mozaik-tisue-tul\/"},"modified":"2026-01-04T00:01:21","modified_gmt":"2026-01-04T00:01:21","slug":"alttoglass-mozaik-tisue-tul","status":"publish","type":"product","link":"https:\/\/www.keramika.com\/slovenija\/alttoglass-mozaik-tisue-tul\/","title":{"rendered":"Alttoglass mozaik Tisue Tul"},"content":{"rendered":"<p>Mozaik na sliki je pripet na mre\u017eo, kar olaj\u0161a njegovo polaganje. Mre\u017ea je velika 30&#215;30 cm. Mozaik je debel kar 8 mm, kar ga uvr\u0161\u010da med bolj trde mozaik plo\u0161\u010dice. V redni prodaji bi morali za ta mozaik od\u0161teti 537,5 EUR, spletna cena pa zna\u0161a le 430 EUR. Pri izbiri mozaika v glavni beli barvi ne morete zgre\u0161iti. Alttoglass Mosaic Tisue Tul je plo\u0161\u010dica proizvajalca Alttoglass in prihaja iz \u0160panije.<\/p>\n<p>Kliknite na ime kolekcije za ogled vseh plo\u0161\u010dic iz te serije: <a class=\"pdfcatal\" href=\"\/\/www.ceramictiles.com\/pdf\/altoglass\/catalogue_altoglass_tisue.pdf\" onclick=\"recordOutboundLink(this, 'E-mail', 'Description PDF');return false;\">Alttoglass Tisue<\/a><\/p>\n<p>\u010ce \u017eelite naro\u010diti model iz pdf kataloga te kolekcije, nam pi\u0161ite na: <a href=\"mailto:keramoteka.salon@gmail.com\" onclick=\"recordOutboundLink(this, 'E-mail', 'Description mail');return false;\">keramoteka.salon@gmail.com<\/a> ali pa nas pokli\u010dite na: 031 255 900.<\/p>\n<p>Technical description: <br \/>Min. 1 box \u2013 Delivery 30 Euro\/box in EU<br \/>8.2 kg -1 m2\/box<\/p>\n","protected":false},"excerpt":{"rendered":"<p>Mozaik na sliki je pripet na mre\u017eo, kar olaj\u0161a njegovo polaganje. Mre\u017ea je velika 30&#215;30 cm. Mozaik je debel kar 8 mm, kar ga uvr\u0161\u010da med bolj trde mozaik plo\u0161\u010dice. V redni prodaji bi morali za ta mozaik od\u0161teti 537,5 EUR, spletna cena pa zna\u0161a le 430 EUR. Pri izbiri mozaika v glavni beli barvi [&hellip;]<\/p>\n","protected":false},"featured_media":105319,"template":"","meta":[],"product_cat":[999759,420,400,999,410],"product_tag":[],"_links":{"self":[{"href":"https:\/\/www.keramika.com\/slovenija\/wp-json\/wp\/v2\/product\/105318"}],"collection":[{"href":"https:\/\/www.keramika.com\/slovenija\/wp-json\/wp\/v2\/product"}],"about":[{"href":"https:\/\/www.keramika.com\/slovenija\/wp-json\/wp\/v2\/types\/product"}],"wp:featuredmedia":[{"embeddable":true,"href":"https:\/\/www.keramika.com\/slovenija\/wp-json\/wp\/v2\/media\/105319"}],"wp:attachment":[{"href":"https:\/\/www.keramika.com\/slovenija\/wp-json\/wp\/v2\/media?parent=105318"}],"wp:term":[{"taxonomy":"product_cat","embeddable":true,"href":"https:\/\/www.keramika.com\/slovenija\/wp-json\/wp\/v2\/product_cat?post=105318"},{"taxonomy":"product_tag","embeddable":true,"href":"https:\/\/www.keramika.com\/slovenija\/wp-json\/wp\/v2\/product_tag?post=105318"}],"curies":[{"name":"wp","href":"https:\/\/api.w.org\/{rel}","templated":true}]}}