{"id":105300,"date":"2017-03-23T00:43:02","date_gmt":"2017-03-23T00:43:02","guid":{"rendered":"http:\/\/keramika.holest.com\/slovenija\/product\/alttoglass-mozaik-tisue-muselina-shine\/"},"modified":"2026-01-04T00:01:19","modified_gmt":"2026-01-04T00:01:19","slug":"alttoglass-mozaik-tisue-muselina-shine","status":"publish","type":"product","link":"https:\/\/www.keramika.com\/slovenija\/alttoglass-mozaik-tisue-muselina-shine\/","title":{"rendered":"Alttoglass mozaik Tisue Muselina Shine"},"content":{"rendered":"<p>Zelo moderen mozaik v dominanti beli barvi popestri prav vsak prostor. Alttoglass Mosaic Tisue Muselina Shine je na voljo po zelo ugodni ceni 390 EUR. Alttoglass Mosaic Tisue Muselina Shine je plo\u0161\u010dica proizvajalca Alttoglass in prihaja iz \u0160panije. Debelina plo\u0161\u010dice je zelo pomembna in 8 mm uvr\u0161\u010da ta mozaik med najkvalitetnej\u0161e. Mozaik dobite pripet na mre\u017eo, kar olaj\u0161a njegovo polaganje. Velikost mre\u017ee je 30&#215;30 cm in je primerna za razli\u010dne povr\u0161ine.<\/p>\n<p>Kliknite na ime kolekcije za ogled vseh plo\u0161\u010dic iz te serije: <a class=\"pdfcatal\" href=\"\/\/www.ceramictiles.com\/pdf\/altoglass\/catalogue_altoglass_tisue.pdf\" onclick=\"recordOutboundLink(this, 'E-mail', 'Description PDF');return false;\">Alttoglass Tisue<\/a><\/p>\n<p>\u010ce \u017eelite naro\u010diti model iz pdf kataloga te kolekcije, nam pi\u0161ite na: <a href=\"mailto:keramoteka.salon@gmail.com\" onclick=\"recordOutboundLink(this, 'E-mail', 'Description mail');return false;\">keramoteka.salon@gmail.com<\/a> ali pa nas pokli\u010dite na: 031 255 900.<\/p>\n<p>Technical description: <br \/>Min. 1 box \u2013 Delivery 30 Euro\/box in EU<br \/>8.2 kg -1 m2\/box<\/p>\n","protected":false},"excerpt":{"rendered":"<p>Zelo moderen mozaik v dominanti beli barvi popestri prav vsak prostor. Alttoglass Mosaic Tisue Muselina Shine je na voljo po zelo ugodni ceni 390 EUR. Alttoglass Mosaic Tisue Muselina Shine je plo\u0161\u010dica proizvajalca Alttoglass in prihaja iz \u0160panije. Debelina plo\u0161\u010dice je zelo pomembna in 8 mm uvr\u0161\u010da ta mozaik med najkvalitetnej\u0161e. Mozaik dobite pripet na [&hellip;]<\/p>\n","protected":false},"featured_media":105301,"template":"","meta":[],"product_cat":[999759,420,400,999,410],"product_tag":[],"_links":{"self":[{"href":"https:\/\/www.keramika.com\/slovenija\/wp-json\/wp\/v2\/product\/105300"}],"collection":[{"href":"https:\/\/www.keramika.com\/slovenija\/wp-json\/wp\/v2\/product"}],"about":[{"href":"https:\/\/www.keramika.com\/slovenija\/wp-json\/wp\/v2\/types\/product"}],"wp:featuredmedia":[{"embeddable":true,"href":"https:\/\/www.keramika.com\/slovenija\/wp-json\/wp\/v2\/media\/105301"}],"wp:attachment":[{"href":"https:\/\/www.keramika.com\/slovenija\/wp-json\/wp\/v2\/media?parent=105300"}],"wp:term":[{"taxonomy":"product_cat","embeddable":true,"href":"https:\/\/www.keramika.com\/slovenija\/wp-json\/wp\/v2\/product_cat?post=105300"},{"taxonomy":"product_tag","embeddable":true,"href":"https:\/\/www.keramika.com\/slovenija\/wp-json\/wp\/v2\/product_tag?post=105300"}],"curies":[{"name":"wp","href":"https:\/\/api.w.org\/{rel}","templated":true}]}}