{"id":105226,"date":"2017-03-23T00:40:00","date_gmt":"2017-03-23T00:40:00","guid":{"rendered":"http:\/\/keramika.holest.com\/slovenija\/product\/alttoglass-mozaik-solid-blanco\/"},"modified":"2026-01-03T00:03:24","modified_gmt":"2026-01-03T00:03:24","slug":"alttoglass-mozaik-solid-blanco","status":"publish","type":"product","link":"https:\/\/www.keramika.com\/slovenija\/alttoglass-mozaik-solid-blanco\/","title":{"rendered":"Alttoglass mozaik Solid Blanco"},"content":{"rendered":"<p>Dimenzije mre\u017ee na katero je pripet ta mozaik so 33,3&#215;33,3 cm. Mre\u017ea omogo\u010da enostavnej\u0161e polaganje. Ta model mozaik plo\u0161\u010dic se najbolje prodaja v beli barvi. Debelina kar 4 mm dela ta mozaik zelo trpe\u017een in presti\u017een na otip. V redni prodaji bi morali za ta mozaik od\u0161teti 41,25 EUR, spletna cena pa zna\u0161a le 33 EUR. Ta mozaik je izdelal proizvajalec Alttoglass, ki prihaja iz \u0160panije.<\/p>\n<p>Kliknite na ime kolekcije za ogled vseh plo\u0161\u010dic iz te serije: <a class=\"pdfcatal\" href=\"\/\/www.ceramictiles.com\/pdf\/altoglass\/catalogue_altoglass_solid.pdf\" onclick=\"recordOutboundLink(this, 'E-mail', 'Description PDF');return false;\">Alttoglass Solid<\/a><\/p>\n<p>\u010ce \u017eelite naro\u010diti model iz pdf kataloga te kolekcije, nam pi\u0161ite na: <a href=\"mailto:keramoteka.salon@gmail.com\" onclick=\"recordOutboundLink(this, 'E-mail', 'Description mail');return false;\">keramoteka.salon@gmail.com<\/a> ali pa nas pokli\u010dite na: 031 255 900.<\/p>\n<p>Technical description: <br \/>Min. 1 box \u2013 Delivery 30 Euro\/box in EU<br \/>16.40 kg &#8211; 2 m2\/box<\/p>\n","protected":false},"excerpt":{"rendered":"<p>Dimenzije mre\u017ee na katero je pripet ta mozaik so 33,3&#215;33,3 cm. Mre\u017ea omogo\u010da enostavnej\u0161e polaganje. Ta model mozaik plo\u0161\u010dic se najbolje prodaja v beli barvi. Debelina kar 4 mm dela ta mozaik zelo trpe\u017een in presti\u017een na otip. V redni prodaji bi morali za ta mozaik od\u0161teti 41,25 EUR, spletna cena pa zna\u0161a le 33 [&hellip;]<\/p>\n","protected":false},"featured_media":105227,"template":"","meta":[],"product_cat":[999759,400,999,410],"product_tag":[],"_links":{"self":[{"href":"https:\/\/www.keramika.com\/slovenija\/wp-json\/wp\/v2\/product\/105226"}],"collection":[{"href":"https:\/\/www.keramika.com\/slovenija\/wp-json\/wp\/v2\/product"}],"about":[{"href":"https:\/\/www.keramika.com\/slovenija\/wp-json\/wp\/v2\/types\/product"}],"wp:featuredmedia":[{"embeddable":true,"href":"https:\/\/www.keramika.com\/slovenija\/wp-json\/wp\/v2\/media\/105227"}],"wp:attachment":[{"href":"https:\/\/www.keramika.com\/slovenija\/wp-json\/wp\/v2\/media?parent=105226"}],"wp:term":[{"taxonomy":"product_cat","embeddable":true,"href":"https:\/\/www.keramika.com\/slovenija\/wp-json\/wp\/v2\/product_cat?post=105226"},{"taxonomy":"product_tag","embeddable":true,"href":"https:\/\/www.keramika.com\/slovenija\/wp-json\/wp\/v2\/product_tag?post=105226"}],"curies":[{"name":"wp","href":"https:\/\/api.w.org\/{rel}","templated":true}]}}