{"id":105222,"date":"2017-03-23T00:39:49","date_gmt":"2017-03-23T00:39:49","guid":{"rendered":"http:\/\/keramika.holest.com\/slovenija\/product\/alttoglass-mozaik-solid-azul-marino-oscuro\/"},"modified":"2026-01-03T00:03:23","modified_gmt":"2026-01-03T00:03:23","slug":"alttoglass-mozaik-solid-azul-marino-oscuro","status":"publish","type":"product","link":"https:\/\/www.keramika.com\/slovenija\/alttoglass-mozaik-solid-azul-marino-oscuro\/","title":{"rendered":"Alttoglass mozaik Solid Azul Marino Oscuro"},"content":{"rendered":"<p>4 mm je debelina, ki zadovolji tudi zahtevnej\u0161e kupce. Redna cena tega mozaika v maloprodaji zna\u0161a 48,44 EUR, v na\u0161i spletni trgovini pa ga lahko dobite \u017ee za 38,75 EUR. Zelo moderen mozaik v dominanti modri barvi popestri prav vsak prostor. Z velikostjo mre\u017ee 33,3&#215;33,3 cm na katero je pripet, je ta mozaik primeren ze razli\u010dne povr\u0161ine. Ta mozaik je izdelal proizvajalec Alttoglass, ki prihaja iz \u0160panije.<\/p>\n<p>Kliknite na ime kolekcije za ogled vseh plo\u0161\u010dic iz te serije: <a class=\"pdfcatal\" href=\"\/\/www.ceramictiles.com\/pdf\/altoglass\/catalogue_altoglass_solid.pdf\" onclick=\"recordOutboundLink(this, 'E-mail', 'Description PDF');return false;\">Alttoglass Solid<\/a><\/p>\n<p>\u010ce \u017eelite naro\u010diti model iz pdf kataloga te kolekcije, nam pi\u0161ite na: <a href=\"mailto:keramoteka.salon@gmail.com\" onclick=\"recordOutboundLink(this, 'E-mail', 'Description mail');return false;\">keramoteka.salon@gmail.com<\/a> ali pa nas pokli\u010dite na: 031 255 900.<\/p>\n<p>Technical description: <br \/>Min. 1 box \u2013 Delivery 30 Euro\/box in EU<br \/>16.40 kg &#8211; 2 m2\/box<\/p>\n","protected":false},"excerpt":{"rendered":"<p>4 mm je debelina, ki zadovolji tudi zahtevnej\u0161e kupce. Redna cena tega mozaika v maloprodaji zna\u0161a 48,44 EUR, v na\u0161i spletni trgovini pa ga lahko dobite \u017ee za 38,75 EUR. Zelo moderen mozaik v dominanti modri barvi popestri prav vsak prostor. Z velikostjo mre\u017ee 33,3&#215;33,3 cm na katero je pripet, je ta mozaik primeren ze [&hellip;]<\/p>\n","protected":false},"featured_media":105223,"template":"","meta":[],"product_cat":[999759,400,999,410],"product_tag":[],"_links":{"self":[{"href":"https:\/\/www.keramika.com\/slovenija\/wp-json\/wp\/v2\/product\/105222"}],"collection":[{"href":"https:\/\/www.keramika.com\/slovenija\/wp-json\/wp\/v2\/product"}],"about":[{"href":"https:\/\/www.keramika.com\/slovenija\/wp-json\/wp\/v2\/types\/product"}],"wp:featuredmedia":[{"embeddable":true,"href":"https:\/\/www.keramika.com\/slovenija\/wp-json\/wp\/v2\/media\/105223"}],"wp:attachment":[{"href":"https:\/\/www.keramika.com\/slovenija\/wp-json\/wp\/v2\/media?parent=105222"}],"wp:term":[{"taxonomy":"product_cat","embeddable":true,"href":"https:\/\/www.keramika.com\/slovenija\/wp-json\/wp\/v2\/product_cat?post=105222"},{"taxonomy":"product_tag","embeddable":true,"href":"https:\/\/www.keramika.com\/slovenija\/wp-json\/wp\/v2\/product_tag?post=105222"}],"curies":[{"name":"wp","href":"https:\/\/api.w.org\/{rel}","templated":true}]}}