{"id":105196,"date":"2017-03-23T00:38:41","date_gmt":"2017-03-23T00:38:41","guid":{"rendered":"http:\/\/keramika.holest.com\/slovenija\/product\/alttoglass-mozaik-precious-quartz\/"},"modified":"2026-01-03T00:03:21","modified_gmt":"2026-01-03T00:03:21","slug":"alttoglass-mozaik-precious-quartz","status":"publish","type":"product","link":"https:\/\/www.keramika.com\/slovenija\/alttoglass-mozaik-precious-quartz\/","title":{"rendered":"Alttoglass mozaik Precious Quartz"},"content":{"rendered":"<p>Namesto 225 EUR kot bi za ta mozaik od\u0161teli v klasi\u010dni trgovini, boste v na\u0161i spletni prodajalni od\u0161teli le 180 EUR. Mozaik je debel kar 8 mm, kar ga uvr\u0161\u010da med bolj trde mozaik plo\u0161\u010dice. Alttoglass Mosaic Precious Quartz je pripeljana iz \u0160panije in je zelo kvalitetna. Ta mozaik je na voljo v \u010dudoviti beli prevladujo\u010di barvi, \u010de \u017eelite kak\u0161no drugo barvo pa nas kontaktirajte in preverili bomo pri proizvajalcu. \u0160irina in dol\u017eina mre\u017ee na katero je pripet ta mozaik sta 30&#215;30 cm. Mre\u017eo lahko enostavno polo\u017eite na razli\u010dne povr\u0161ine.<\/p>\n<p>Kliknite na ime kolekcije za ogled vseh plo\u0161\u010dic iz te serije: <a class=\"pdfcatal\" href=\"\/\/www.ceramictiles.com\/pdf\/altoglass\/catalogue_altoglass_precious.pdf\" onclick=\"recordOutboundLink(this, 'E-mail', 'Description PDF');return false;\">Alttoglass Precious<\/a><\/p>\n<p>\u010ce \u017eelite naro\u010diti model iz pdf kataloga te kolekcije, nam pi\u0161ite na: <a href=\"mailto:keramoteka.salon@gmail.com\" onclick=\"recordOutboundLink(this, 'E-mail', 'Description mail');return false;\">keramoteka.salon@gmail.com<\/a> ali pa nas pokli\u010dite na: 031 255 900.<\/p>\n<p>Technical description: <br \/>Min. 1 box \u2013 Delivery 30 Euro\/box in EU<br \/>17,1 kg &#8211; 1 m2\/box<\/p>\n","protected":false},"excerpt":{"rendered":"<p>Namesto 225 EUR kot bi za ta mozaik od\u0161teli v klasi\u010dni trgovini, boste v na\u0161i spletni prodajalni od\u0161teli le 180 EUR. Mozaik je debel kar 8 mm, kar ga uvr\u0161\u010da med bolj trde mozaik plo\u0161\u010dice. Alttoglass Mosaic Precious Quartz je pripeljana iz \u0160panije in je zelo kvalitetna. Ta mozaik je na voljo v \u010dudoviti beli [&hellip;]<\/p>\n","protected":false},"featured_media":105197,"template":"","meta":[],"product_cat":[999759,400,999,410,430],"product_tag":[],"_links":{"self":[{"href":"https:\/\/www.keramika.com\/slovenija\/wp-json\/wp\/v2\/product\/105196"}],"collection":[{"href":"https:\/\/www.keramika.com\/slovenija\/wp-json\/wp\/v2\/product"}],"about":[{"href":"https:\/\/www.keramika.com\/slovenija\/wp-json\/wp\/v2\/types\/product"}],"wp:featuredmedia":[{"embeddable":true,"href":"https:\/\/www.keramika.com\/slovenija\/wp-json\/wp\/v2\/media\/105197"}],"wp:attachment":[{"href":"https:\/\/www.keramika.com\/slovenija\/wp-json\/wp\/v2\/media?parent=105196"}],"wp:term":[{"taxonomy":"product_cat","embeddable":true,"href":"https:\/\/www.keramika.com\/slovenija\/wp-json\/wp\/v2\/product_cat?post=105196"},{"taxonomy":"product_tag","embeddable":true,"href":"https:\/\/www.keramika.com\/slovenija\/wp-json\/wp\/v2\/product_tag?post=105196"}],"curies":[{"name":"wp","href":"https:\/\/api.w.org\/{rel}","templated":true}]}}