{"id":105128,"date":"2017-03-23T00:35:49","date_gmt":"2017-03-23T00:35:49","guid":{"rendered":"http:\/\/keramika.holest.com\/slovenija\/product\/alttoglass-mozaik-platino-ceniza\/"},"modified":"2026-01-03T00:03:13","modified_gmt":"2026-01-03T00:03:13","slug":"alttoglass-mozaik-platino-ceniza","status":"publish","type":"product","link":"https:\/\/www.keramika.com\/slovenija\/alttoglass-mozaik-platino-ceniza\/","title":{"rendered":"Alttoglass mozaik Platino Ceniza"},"content":{"rendered":"<p>Ta mozaik je debel 4 mm in je zelo trpe\u017een. Keramika v sivi barvi popestri vsak prostor. Z 33,3&#215;33,3 cm je mre\u017ea na katero so pripete te mozaik plo\u0161\u010dice primerna za razli\u010dne podlage. Alttoglass Mosaic Platino Ceniza je plo\u0161\u010dica proizvajalca Alttoglass in prihaja iz \u0160panije. Zaradi ni\u017ejih stro\u0161kov pri spletni prodaji boste na na\u0161i strani za ta mozaik od\u0161teli le 110 EUR.<\/p>\n<p>Kliknite na ime kolekcije za ogled vseh plo\u0161\u010dic iz te serije: <a class=\"pdfcatal\" href=\"\/\/www.ceramictiles.com\/pdf\/altoglass\/catalogue_altoglass_platino.pdf\" onclick=\"recordOutboundLink(this, 'E-mail', 'Description PDF');return false;\">Alttoglass Platino<\/a><\/p>\n<p>\u010ce \u017eelite naro\u010diti model iz pdf kataloga te kolekcije, nam pi\u0161ite na: <a href=\"mailto:keramoteka.salon@gmail.com\" onclick=\"recordOutboundLink(this, 'E-mail', 'Description mail');return false;\">keramoteka.salon@gmail.com<\/a> ali pa nas pokli\u010dite na: 031 255 900.<\/p>\n<p>Technical description: <br \/>Min. 1 box \u2013 Delivery 30 Euro\/box in EU<br \/>9,4 kg &#8211; 1,22 m2\/box<\/p>\n","protected":false},"excerpt":{"rendered":"<p>Ta mozaik je debel 4 mm in je zelo trpe\u017een. Keramika v sivi barvi popestri vsak prostor. Z 33,3&#215;33,3 cm je mre\u017ea na katero so pripete te mozaik plo\u0161\u010dice primerna za razli\u010dne podlage. Alttoglass Mosaic Platino Ceniza je plo\u0161\u010dica proizvajalca Alttoglass in prihaja iz \u0160panije. Zaradi ni\u017ejih stro\u0161kov pri spletni prodaji boste na na\u0161i strani [&hellip;]<\/p>\n","protected":false},"featured_media":105129,"template":"","meta":[],"product_cat":[999759,400,999,410,430],"product_tag":[],"_links":{"self":[{"href":"https:\/\/www.keramika.com\/slovenija\/wp-json\/wp\/v2\/product\/105128"}],"collection":[{"href":"https:\/\/www.keramika.com\/slovenija\/wp-json\/wp\/v2\/product"}],"about":[{"href":"https:\/\/www.keramika.com\/slovenija\/wp-json\/wp\/v2\/types\/product"}],"wp:featuredmedia":[{"embeddable":true,"href":"https:\/\/www.keramika.com\/slovenija\/wp-json\/wp\/v2\/media\/105129"}],"wp:attachment":[{"href":"https:\/\/www.keramika.com\/slovenija\/wp-json\/wp\/v2\/media?parent=105128"}],"wp:term":[{"taxonomy":"product_cat","embeddable":true,"href":"https:\/\/www.keramika.com\/slovenija\/wp-json\/wp\/v2\/product_cat?post=105128"},{"taxonomy":"product_tag","embeddable":true,"href":"https:\/\/www.keramika.com\/slovenija\/wp-json\/wp\/v2\/product_tag?post=105128"}],"curies":[{"name":"wp","href":"https:\/\/api.w.org\/{rel}","templated":true}]}}