{"id":105124,"date":"2017-03-23T00:35:41","date_gmt":"2017-03-23T00:35:41","guid":{"rendered":"http:\/\/keramika.holest.com\/slovenija\/product\/alttoglass-mozaik-nigh-verde-night\/"},"modified":"2026-01-03T00:03:13","modified_gmt":"2026-01-03T00:03:13","slug":"alttoglass-mozaik-nigh-verde-night","status":"publish","type":"product","link":"https:\/\/www.keramika.com\/slovenija\/alttoglass-mozaik-nigh-verde-night\/","title":{"rendered":"Alttoglass mozaik Nigh Verde &#8211; Night"},"content":{"rendered":"<p>Redna cena tega mozaika v maloprodaji zna\u0161a 245 EUR, v na\u0161i spletni trgovini pa ga lahko dobite \u017ee za 196 EUR. Alttoglass Mosaic Nigh Verde &#8211; Night je plo\u0161\u010dica proizvajalca Alttoglass in prihaja iz \u0160panije. 4 mm je debelina, ki zadovolji tudi zahtevnej\u0161e kupce. Letos so mozaiki v zeleni barvi zelo za\u017eeljeni. Velikost mre\u017ee z mozaikom je 33,3&#215;33,3 cm, kar omogo\u010da enostavno polaganje.<\/p>\n<p>Kliknite na ime kolekcije za ogled vseh plo\u0161\u010dic iz te serije: <a class=\"pdfcatal\" href=\"\/\/www.ceramictiles.com\/pdf\/altoglass\/catalogue_altoglass_nigh.pdf\" onclick=\"recordOutboundLink(this, 'E-mail', 'Description PDF');return false;\">Alttoglass Nigh<\/a><\/p>\n<p>\u010ce \u017eelite naro\u010diti model iz pdf kataloga te kolekcije, nam pi\u0161ite na: <a href=\"mailto:keramoteka.salon@gmail.com\" onclick=\"recordOutboundLink(this, 'E-mail', 'Description mail');return false;\">keramoteka.salon@gmail.com<\/a> ali pa nas pokli\u010dite na: 031 255 900.<\/p>\n<p>Technical description: <br \/>Min. 1 box \u2013 Delivery 30 Euro\/box in EU<br \/>9,4 kg &#8211; 1,22 m2\/box<\/p>\n","protected":false},"excerpt":{"rendered":"<p>Redna cena tega mozaika v maloprodaji zna\u0161a 245 EUR, v na\u0161i spletni trgovini pa ga lahko dobite \u017ee za 196 EUR. Alttoglass Mosaic Nigh Verde &#8211; Night je plo\u0161\u010dica proizvajalca Alttoglass in prihaja iz \u0160panije. 4 mm je debelina, ki zadovolji tudi zahtevnej\u0161e kupce. Letos so mozaiki v zeleni barvi zelo za\u017eeljeni. Velikost mre\u017ee z [&hellip;]<\/p>\n","protected":false},"featured_media":105125,"template":"","meta":[],"product_cat":[999759,400,999,410],"product_tag":[],"_links":{"self":[{"href":"https:\/\/www.keramika.com\/slovenija\/wp-json\/wp\/v2\/product\/105124"}],"collection":[{"href":"https:\/\/www.keramika.com\/slovenija\/wp-json\/wp\/v2\/product"}],"about":[{"href":"https:\/\/www.keramika.com\/slovenija\/wp-json\/wp\/v2\/types\/product"}],"wp:featuredmedia":[{"embeddable":true,"href":"https:\/\/www.keramika.com\/slovenija\/wp-json\/wp\/v2\/media\/105125"}],"wp:attachment":[{"href":"https:\/\/www.keramika.com\/slovenija\/wp-json\/wp\/v2\/media?parent=105124"}],"wp:term":[{"taxonomy":"product_cat","embeddable":true,"href":"https:\/\/www.keramika.com\/slovenija\/wp-json\/wp\/v2\/product_cat?post=105124"},{"taxonomy":"product_tag","embeddable":true,"href":"https:\/\/www.keramika.com\/slovenija\/wp-json\/wp\/v2\/product_tag?post=105124"}],"curies":[{"name":"wp","href":"https:\/\/api.w.org\/{rel}","templated":true}]}}