{"id":105112,"date":"2017-03-23T00:35:10","date_gmt":"2017-03-23T00:35:10","guid":{"rendered":"http:\/\/keramika.holest.com\/slovenija\/product\/alttoglass-mozaik-museum-thyssen\/"},"modified":"2026-01-03T00:03:11","modified_gmt":"2026-01-03T00:03:11","slug":"alttoglass-mozaik-museum-thyssen","status":"publish","type":"product","link":"https:\/\/www.keramika.com\/slovenija\/alttoglass-mozaik-museum-thyssen\/","title":{"rendered":"Alttoglass mozaik Museum Thyssen"},"content":{"rendered":"<p>Velikost mre\u017ee z mozaikom je 30&#215;30 cm, kar omogo\u010da enostavno polaganje. Zelo moderen mozaik v dominanti srebrni barvi popestri prav vsak prostor. Debelina plo\u0161\u010dice je zelo pomembna in 8 mm uvr\u0161\u010da ta mozaik med najkvalitetnej\u0161e. Alttoglass Mosaic Museum Thyssen je na voljo po zelo ugodni ceni 300 EUR. Alttoglass Mosaic Museum Thyssen prihaja iz \u0160panije, ki je znana po zelo kvalitetni keramiki v svetovnem merilu.<\/p>\n<p>Kliknite na ime kolekcije za ogled vseh plo\u0161\u010dic iz te serije: <a class=\"pdfcatal\" href=\"\/\/www.ceramictiles.com\/pdf\/altoglass\/catalogue_altoglass_museum.pdf\" onclick=\"recordOutboundLink(this, 'E-mail', 'Description PDF');return false;\">Alttoglass Museum<\/a><\/p>\n<p>\u010ce \u017eelite naro\u010diti model iz pdf kataloga te kolekcije, nam pi\u0161ite na: <a href=\"mailto:keramoteka.salon@gmail.com\" onclick=\"recordOutboundLink(this, 'E-mail', 'Description mail');return false;\">keramoteka.salon@gmail.com<\/a> ali pa nas pokli\u010dite na: 031 255 900.<\/p>\n<p>Technical description: <br \/>Min. 1 box \u2013 Delivery 30 Euro\/box in EU<br \/>20,74 kg &#8211; 1 m2\/box<\/p>\n","protected":false},"excerpt":{"rendered":"<p>Velikost mre\u017ee z mozaikom je 30&#215;30 cm, kar omogo\u010da enostavno polaganje. Zelo moderen mozaik v dominanti srebrni barvi popestri prav vsak prostor. Debelina plo\u0161\u010dice je zelo pomembna in 8 mm uvr\u0161\u010da ta mozaik med najkvalitetnej\u0161e. Alttoglass Mosaic Museum Thyssen je na voljo po zelo ugodni ceni 300 EUR. Alttoglass Mosaic Museum Thyssen prihaja iz \u0160panije, [&hellip;]<\/p>\n","protected":false},"featured_media":105113,"template":"","meta":[],"product_cat":[999759,440,400,999],"product_tag":[],"_links":{"self":[{"href":"https:\/\/www.keramika.com\/slovenija\/wp-json\/wp\/v2\/product\/105112"}],"collection":[{"href":"https:\/\/www.keramika.com\/slovenija\/wp-json\/wp\/v2\/product"}],"about":[{"href":"https:\/\/www.keramika.com\/slovenija\/wp-json\/wp\/v2\/types\/product"}],"wp:featuredmedia":[{"embeddable":true,"href":"https:\/\/www.keramika.com\/slovenija\/wp-json\/wp\/v2\/media\/105113"}],"wp:attachment":[{"href":"https:\/\/www.keramika.com\/slovenija\/wp-json\/wp\/v2\/media?parent=105112"}],"wp:term":[{"taxonomy":"product_cat","embeddable":true,"href":"https:\/\/www.keramika.com\/slovenija\/wp-json\/wp\/v2\/product_cat?post=105112"},{"taxonomy":"product_tag","embeddable":true,"href":"https:\/\/www.keramika.com\/slovenija\/wp-json\/wp\/v2\/product_tag?post=105112"}],"curies":[{"name":"wp","href":"https:\/\/api.w.org\/{rel}","templated":true}]}}