{"id":105110,"date":"2017-03-23T00:35:04","date_gmt":"2017-03-23T00:35:04","guid":{"rendered":"http:\/\/keramika.holest.com\/slovenija\/product\/alttoglass-mozaik-museum-rosenthal\/"},"modified":"2026-01-03T00:03:11","modified_gmt":"2026-01-03T00:03:11","slug":"alttoglass-mozaik-museum-rosenthal","status":"publish","type":"product","link":"https:\/\/www.keramika.com\/slovenija\/alttoglass-mozaik-museum-rosenthal\/","title":{"rendered":"Alttoglass mozaik Museum Rosenthal"},"content":{"rendered":"<p>Mozaik na sliki je pripet na mre\u017eo, kar olaj\u0161a njegovo polaganje. Mre\u017ea je velika 30&#215;30 cm. 10 mm debeline je dovolj tudi za zahtevnej\u0161e kupce. Alttoglass Mosaic Museum Rosenthal je plo\u0161\u010dica proizvajalca Alttoglass in prihaja iz \u0160panije. Na spletu boste za ta mozaik od\u0161teli le 350 EUR, medtem ko v redni prodaji cena zna\u0161a 437,5 EUR. Zelo moderen mozaik v dominanti srebrni barvi popestri prav vsak prostor.<\/p>\n<p>Kliknite na ime kolekcije za ogled vseh plo\u0161\u010dic iz te serije: <a class=\"pdfcatal\" href=\"\/\/www.ceramictiles.com\/pdf\/altoglass\/catalogue_altoglass_museum.pdf\" onclick=\"recordOutboundLink(this, 'E-mail', 'Description PDF');return false;\">Alttoglass Museum<\/a><\/p>\n<p>\u010ce \u017eelite naro\u010diti model iz pdf kataloga te kolekcije, nam pi\u0161ite na: <a href=\"mailto:keramoteka.salon@gmail.com\" onclick=\"recordOutboundLink(this, 'E-mail', 'Description mail');return false;\">keramoteka.salon@gmail.com<\/a> ali pa nas pokli\u010dite na: 031 255 900.<\/p>\n<p>Technical description: <br \/>Min. 1 box \u2013 Delivery 30 Euro\/box in EU<br \/>6,60 kg &#8211; 0,63 m2\/box<\/p>\n","protected":false},"excerpt":{"rendered":"<p>Mozaik na sliki je pripet na mre\u017eo, kar olaj\u0161a njegovo polaganje. Mre\u017ea je velika 30&#215;30 cm. 10 mm debeline je dovolj tudi za zahtevnej\u0161e kupce. Alttoglass Mosaic Museum Rosenthal je plo\u0161\u010dica proizvajalca Alttoglass in prihaja iz \u0160panije. Na spletu boste za ta mozaik od\u0161teli le 350 EUR, medtem ko v redni prodaji cena zna\u0161a 437,5 [&hellip;]<\/p>\n","protected":false},"featured_media":105111,"template":"","meta":[],"product_cat":[999759,440,400,999],"product_tag":[],"_links":{"self":[{"href":"https:\/\/www.keramika.com\/slovenija\/wp-json\/wp\/v2\/product\/105110"}],"collection":[{"href":"https:\/\/www.keramika.com\/slovenija\/wp-json\/wp\/v2\/product"}],"about":[{"href":"https:\/\/www.keramika.com\/slovenija\/wp-json\/wp\/v2\/types\/product"}],"wp:featuredmedia":[{"embeddable":true,"href":"https:\/\/www.keramika.com\/slovenija\/wp-json\/wp\/v2\/media\/105111"}],"wp:attachment":[{"href":"https:\/\/www.keramika.com\/slovenija\/wp-json\/wp\/v2\/media?parent=105110"}],"wp:term":[{"taxonomy":"product_cat","embeddable":true,"href":"https:\/\/www.keramika.com\/slovenija\/wp-json\/wp\/v2\/product_cat?post=105110"},{"taxonomy":"product_tag","embeddable":true,"href":"https:\/\/www.keramika.com\/slovenija\/wp-json\/wp\/v2\/product_tag?post=105110"}],"curies":[{"name":"wp","href":"https:\/\/api.w.org\/{rel}","templated":true}]}}