{"id":105108,"date":"2017-03-23T00:35:00","date_gmt":"2017-03-23T00:35:00","guid":{"rendered":"http:\/\/keramika.holest.com\/slovenija\/product\/alttoglass-mozaik-museum-pompidou\/"},"modified":"2026-01-03T00:03:11","modified_gmt":"2026-01-03T00:03:11","slug":"alttoglass-mozaik-museum-pompidou","status":"publish","type":"product","link":"https:\/\/www.keramika.com\/slovenija\/alttoglass-mozaik-museum-pompidou\/","title":{"rendered":"Alttoglass mozaik Museum Pompidou"},"content":{"rendered":"<p>Alttoglass Mosaic Museum Pompidou je pripeljana iz \u0160panije in je zelo kvalitetna. Ta model mozaik plo\u0161\u010dic se najbolje prodaja v srebrni barvi. Dimenzije mre\u017ee na katero je pripet ta mozaik so 30&#215;30 cm. Mre\u017ea omogo\u010da enostavnej\u0161e polaganje. 10 mm je debelina, ki zadovolji tudi zahtevnej\u0161e kupce. Na spletu boste za ta mozaik od\u0161teli le 350 EUR, medtem ko v redni prodaji cena zna\u0161a 437,5 EUR.<\/p>\n<p>Kliknite na ime kolekcije za ogled vseh plo\u0161\u010dic iz te serije: <a class=\"pdfcatal\" href=\"\/\/www.ceramictiles.com\/pdf\/altoglass\/catalogue_altoglass_museum.pdf\" onclick=\"recordOutboundLink(this, 'E-mail', 'Description PDF');return false;\">Alttoglass Museum<\/a><\/p>\n<p>\u010ce \u017eelite naro\u010diti model iz pdf kataloga te kolekcije, nam pi\u0161ite na: <a href=\"mailto:keramoteka.salon@gmail.com\" onclick=\"recordOutboundLink(this, 'E-mail', 'Description mail');return false;\">keramoteka.salon@gmail.com<\/a> ali pa nas pokli\u010dite na: 031 255 900.<\/p>\n<p>Technical description: <br \/>Min. 1 box \u2013 Delivery 30 Euro\/box in EU<br \/>6,60 kg &#8211; 0,56 m2\/box<\/p>\n","protected":false},"excerpt":{"rendered":"<p>Alttoglass Mosaic Museum Pompidou je pripeljana iz \u0160panije in je zelo kvalitetna. Ta model mozaik plo\u0161\u010dic se najbolje prodaja v srebrni barvi. Dimenzije mre\u017ee na katero je pripet ta mozaik so 30&#215;30 cm. Mre\u017ea omogo\u010da enostavnej\u0161e polaganje. 10 mm je debelina, ki zadovolji tudi zahtevnej\u0161e kupce. Na spletu boste za ta mozaik od\u0161teli le 350 [&hellip;]<\/p>\n","protected":false},"featured_media":105109,"template":"","meta":[],"product_cat":[999759,440,400,999],"product_tag":[],"_links":{"self":[{"href":"https:\/\/www.keramika.com\/slovenija\/wp-json\/wp\/v2\/product\/105108"}],"collection":[{"href":"https:\/\/www.keramika.com\/slovenija\/wp-json\/wp\/v2\/product"}],"about":[{"href":"https:\/\/www.keramika.com\/slovenija\/wp-json\/wp\/v2\/types\/product"}],"wp:featuredmedia":[{"embeddable":true,"href":"https:\/\/www.keramika.com\/slovenija\/wp-json\/wp\/v2\/media\/105109"}],"wp:attachment":[{"href":"https:\/\/www.keramika.com\/slovenija\/wp-json\/wp\/v2\/media?parent=105108"}],"wp:term":[{"taxonomy":"product_cat","embeddable":true,"href":"https:\/\/www.keramika.com\/slovenija\/wp-json\/wp\/v2\/product_cat?post=105108"},{"taxonomy":"product_tag","embeddable":true,"href":"https:\/\/www.keramika.com\/slovenija\/wp-json\/wp\/v2\/product_tag?post=105108"}],"curies":[{"name":"wp","href":"https:\/\/api.w.org\/{rel}","templated":true}]}}