{"id":105100,"date":"2017-03-23T00:34:42","date_gmt":"2017-03-23T00:34:42","guid":{"rendered":"http:\/\/keramika.holest.com\/slovenija\/product\/alttoglass-mozaik-museum-dorsay\/"},"modified":"2026-01-03T00:03:10","modified_gmt":"2026-01-03T00:03:10","slug":"alttoglass-mozaik-museum-dorsay","status":"publish","type":"product","link":"https:\/\/www.keramika.com\/slovenija\/alttoglass-mozaik-museum-dorsay\/","title":{"rendered":"Alttoglass mozaik Museum D\u2019Orsay"},"content":{"rendered":"<p>Alttoglass Mosaic Museum D\u2019Orsay prihaja iz \u0160panije, ki je znana po zelo kvalitetni keramiki v svetovnem merilu. Letos so mozaiki v srebrni barvi zelo za\u017eeljeni. Z 30&#215;30 cm je mre\u017ea na katero so pripete te mozaik plo\u0161\u010dice primerna za razli\u010dne podlage. 7 mm je debelina, ki zadovolji tudi zahtevnej\u0161e kupce. Alttoglass Mosaic Museum D\u2019Orsay je na voljo po zelo ugodni ceni 300 EUR.<\/p>\n<p>Kliknite na ime kolekcije za ogled vseh plo\u0161\u010dic iz te serije: <a class=\"pdfcatal\" href=\"\/\/www.ceramictiles.com\/pdf\/altoglass\/catalogue_altoglass_museum.pdf\" onclick=\"recordOutboundLink(this, 'E-mail', 'Description PDF');return false;\">Alttoglass Museum<\/a><\/p>\n<p>\u010ce \u017eelite naro\u010diti model iz pdf kataloga te kolekcije, nam pi\u0161ite na: <a href=\"mailto:keramoteka.salon@gmail.com\" onclick=\"recordOutboundLink(this, 'E-mail', 'Description mail');return false;\">keramoteka.salon@gmail.com<\/a> ali pa nas pokli\u010dite na: 031 255 900.<\/p>\n<p>Technical description: <br \/>Min. 1 box \u2013 Delivery 30 Euro\/box in EU<br \/>7,20 kg &#8211; 0,81 m2\/box<\/p>\n","protected":false},"excerpt":{"rendered":"<p>Alttoglass Mosaic Museum D\u2019Orsay prihaja iz \u0160panije, ki je znana po zelo kvalitetni keramiki v svetovnem merilu. Letos so mozaiki v srebrni barvi zelo za\u017eeljeni. Z 30&#215;30 cm je mre\u017ea na katero so pripete te mozaik plo\u0161\u010dice primerna za razli\u010dne podlage. 7 mm je debelina, ki zadovolji tudi zahtevnej\u0161e kupce. Alttoglass Mosaic Museum D\u2019Orsay je [&hellip;]<\/p>\n","protected":false},"featured_media":105101,"template":"","meta":[],"product_cat":[999759,440,400,999],"product_tag":[],"_links":{"self":[{"href":"https:\/\/www.keramika.com\/slovenija\/wp-json\/wp\/v2\/product\/105100"}],"collection":[{"href":"https:\/\/www.keramika.com\/slovenija\/wp-json\/wp\/v2\/product"}],"about":[{"href":"https:\/\/www.keramika.com\/slovenija\/wp-json\/wp\/v2\/types\/product"}],"wp:featuredmedia":[{"embeddable":true,"href":"https:\/\/www.keramika.com\/slovenija\/wp-json\/wp\/v2\/media\/105101"}],"wp:attachment":[{"href":"https:\/\/www.keramika.com\/slovenija\/wp-json\/wp\/v2\/media?parent=105100"}],"wp:term":[{"taxonomy":"product_cat","embeddable":true,"href":"https:\/\/www.keramika.com\/slovenija\/wp-json\/wp\/v2\/product_cat?post=105100"},{"taxonomy":"product_tag","embeddable":true,"href":"https:\/\/www.keramika.com\/slovenija\/wp-json\/wp\/v2\/product_tag?post=105100"}],"curies":[{"name":"wp","href":"https:\/\/api.w.org\/{rel}","templated":true}]}}