{"id":105092,"date":"2017-03-23T00:34:22","date_gmt":"2017-03-23T00:34:22","guid":{"rendered":"http:\/\/keramika.holest.com\/slovenija\/product\/alttoglass-mozaik-miscelanea-olimpia\/"},"modified":"2026-01-03T00:03:09","modified_gmt":"2026-01-03T00:03:09","slug":"alttoglass-mozaik-miscelanea-olimpia","status":"publish","type":"product","link":"https:\/\/www.keramika.com\/slovenija\/alttoglass-mozaik-miscelanea-olimpia\/","title":{"rendered":"Alttoglass mozaik Miscelanea Olimpia"},"content":{"rendered":"<p>Letos so mozaiki v be\u017e barvi zelo za\u017eeljeni. Alttoglass Mosaic Miscelanea Olimpia je na voljo po zelo ugodni ceni 176 EUR. Debelina plo\u0161\u010dice je zelo pomembna in 8 mm uvr\u0161\u010da ta mozaik med najkvalitetnej\u0161e. Ta mozaik je izdelal proizvajalec Alttoglass, ki prihaja iz \u0160panije. Velikost mre\u017ee z mozaikom je 30&#215;30 cm, kar omogo\u010da enostavno polaganje.<\/p>\n<p>Kliknite na ime kolekcije za ogled vseh plo\u0161\u010dic iz te serije: <a class=\"pdfcatal\" href=\"\/\/www.ceramictiles.com\/pdf\/altoglass\/catalogue_altoglass_miscelanea.pdf\" onclick=\"recordOutboundLink(this, 'E-mail', 'Description PDF');return false;\">Alttoglass Miscelanea<\/a><\/p>\n<p>\u010ce \u017eelite naro\u010diti model iz pdf kataloga te kolekcije, nam pi\u0161ite na: <a href=\"mailto:keramoteka.salon@gmail.com\" onclick=\"recordOutboundLink(this, 'E-mail', 'Description mail');return false;\">keramoteka.salon@gmail.com<\/a> ali pa nas pokli\u010dite na: 031 255 900.<\/p>\n<p>Technical description: <br \/>Min. 1 box \u2013 Delivery 30 Euro\/box in EU<br \/>15,3 kg &#8211; 1 m2\/box<\/p>\n","protected":false},"excerpt":{"rendered":"<p>Letos so mozaiki v be\u017e barvi zelo za\u017eeljeni. Alttoglass Mosaic Miscelanea Olimpia je na voljo po zelo ugodni ceni 176 EUR. Debelina plo\u0161\u010dice je zelo pomembna in 8 mm uvr\u0161\u010da ta mozaik med najkvalitetnej\u0161e. Ta mozaik je izdelal proizvajalec Alttoglass, ki prihaja iz \u0160panije. Velikost mre\u017ee z mozaikom je 30&#215;30 cm, kar omogo\u010da enostavno polaganje. [&hellip;]<\/p>\n","protected":false},"featured_media":105093,"template":"","meta":[],"product_cat":[999759,420,400,999,410],"product_tag":[],"_links":{"self":[{"href":"https:\/\/www.keramika.com\/slovenija\/wp-json\/wp\/v2\/product\/105092"}],"collection":[{"href":"https:\/\/www.keramika.com\/slovenija\/wp-json\/wp\/v2\/product"}],"about":[{"href":"https:\/\/www.keramika.com\/slovenija\/wp-json\/wp\/v2\/types\/product"}],"wp:featuredmedia":[{"embeddable":true,"href":"https:\/\/www.keramika.com\/slovenija\/wp-json\/wp\/v2\/media\/105093"}],"wp:attachment":[{"href":"https:\/\/www.keramika.com\/slovenija\/wp-json\/wp\/v2\/media?parent=105092"}],"wp:term":[{"taxonomy":"product_cat","embeddable":true,"href":"https:\/\/www.keramika.com\/slovenija\/wp-json\/wp\/v2\/product_cat?post=105092"},{"taxonomy":"product_tag","embeddable":true,"href":"https:\/\/www.keramika.com\/slovenija\/wp-json\/wp\/v2\/product_tag?post=105092"}],"curies":[{"name":"wp","href":"https:\/\/api.w.org\/{rel}","templated":true}]}}