{"id":105082,"date":"2017-03-23T00:33:57","date_gmt":"2017-03-23T00:33:57","guid":{"rendered":"http:\/\/keramika.holest.com\/slovenija\/product\/alttoglass-mozaik-miscelanea-delfos\/"},"modified":"2026-01-03T00:03:08","modified_gmt":"2026-01-03T00:03:08","slug":"alttoglass-mozaik-miscelanea-delfos","status":"publish","type":"product","link":"https:\/\/www.keramika.com\/slovenija\/alttoglass-mozaik-miscelanea-delfos\/","title":{"rendered":"Alttoglass mozaik Miscelanea Delfos"},"content":{"rendered":"<p>\u0160irina in dol\u017eina mre\u017ee na katero je pripet ta mozaik sta 30&#215;30 cm. Mre\u017eo lahko enostavno polo\u017eite na razli\u010dne povr\u0161ine. 220 EUR v klasi\u010dni trgovini, pri nas pa le 176 EUR. Ta mozaik je debel 8 mm in je zelo trpe\u017een. Ta mozaik plo\u0161\u010dica prihaja iz \u0160panije, ki je znana po kvalitetni keramiki. Letos so mozaiki v be\u017e barvi zelo za\u017eeljeni.<\/p>\n<p>Kliknite na ime kolekcije za ogled vseh plo\u0161\u010dic iz te serije: <a class=\"pdfcatal\" href=\"\/\/www.ceramictiles.com\/pdf\/altoglass\/catalogue_altoglass_miscelanea.pdf\" onclick=\"recordOutboundLink(this, 'E-mail', 'Description PDF');return false;\">Alttoglass Miscelanea<\/a><\/p>\n<p>\u010ce \u017eelite naro\u010diti model iz pdf kataloga te kolekcije, nam pi\u0161ite na: <a href=\"mailto:keramoteka.salon@gmail.com\" onclick=\"recordOutboundLink(this, 'E-mail', 'Description mail');return false;\">keramoteka.salon@gmail.com<\/a> ali pa nas pokli\u010dite na: 031 255 900.<\/p>\n<p>Technical description: <br \/>Min. 1 box \u2013 Delivery 30 Euro\/box in EU<br \/>15,3 kg &#8211; 1 m2\/box<\/p>\n","protected":false},"excerpt":{"rendered":"<p>\u0160irina in dol\u017eina mre\u017ee na katero je pripet ta mozaik sta 30&#215;30 cm. Mre\u017eo lahko enostavno polo\u017eite na razli\u010dne povr\u0161ine. 220 EUR v klasi\u010dni trgovini, pri nas pa le 176 EUR. Ta mozaik je debel 8 mm in je zelo trpe\u017een. Ta mozaik plo\u0161\u010dica prihaja iz \u0160panije, ki je znana po kvalitetni keramiki. Letos so [&hellip;]<\/p>\n","protected":false},"featured_media":105083,"template":"","meta":[],"product_cat":[999759,420,400,999,410],"product_tag":[],"_links":{"self":[{"href":"https:\/\/www.keramika.com\/slovenija\/wp-json\/wp\/v2\/product\/105082"}],"collection":[{"href":"https:\/\/www.keramika.com\/slovenija\/wp-json\/wp\/v2\/product"}],"about":[{"href":"https:\/\/www.keramika.com\/slovenija\/wp-json\/wp\/v2\/types\/product"}],"wp:featuredmedia":[{"embeddable":true,"href":"https:\/\/www.keramika.com\/slovenija\/wp-json\/wp\/v2\/media\/105083"}],"wp:attachment":[{"href":"https:\/\/www.keramika.com\/slovenija\/wp-json\/wp\/v2\/media?parent=105082"}],"wp:term":[{"taxonomy":"product_cat","embeddable":true,"href":"https:\/\/www.keramika.com\/slovenija\/wp-json\/wp\/v2\/product_cat?post=105082"},{"taxonomy":"product_tag","embeddable":true,"href":"https:\/\/www.keramika.com\/slovenija\/wp-json\/wp\/v2\/product_tag?post=105082"}],"curies":[{"name":"wp","href":"https:\/\/api.w.org\/{rel}","templated":true}]}}