{"id":105044,"date":"2017-03-23T00:32:23","date_gmt":"2017-03-23T00:32:23","guid":{"rendered":"http:\/\/keramika.holest.com\/slovenija\/product\/alttoglass-mozaik-matt-blanco\/"},"modified":"2026-01-03T00:03:03","modified_gmt":"2026-01-03T00:03:03","slug":"alttoglass-mozaik-matt-blanco","status":"publish","type":"product","link":"https:\/\/www.keramika.com\/slovenija\/alttoglass-mozaik-matt-blanco\/","title":{"rendered":"Alttoglass mozaik Matt Blanco"},"content":{"rendered":"<p>Alttoglass Mosaic Matt Blanco je na voljo po zelo ugodni ceni 87,25 EUR. Z velikostjo mre\u017ee 33,3&#215;33,3 cm na katero je pripet, je ta mozaik primeren ze razli\u010dne povr\u0161ine. Letos so mozaiki v beli barvi zelo za\u017eeljeni. Ta mozaik je debel 4 mm in je zelo trpe\u017een. Ta mozaik je izdelal proizvajalec Alttoglass, ki prihaja iz \u0160panije.<\/p>\n<p>Kliknite na ime kolekcije za ogled vseh plo\u0161\u010dic iz te serije: <a class=\"pdfcatal\" href=\"\/\/www.ceramictiles.com\/pdf\/altoglass\/catalogue_altoglass_matt.pdf\" onclick=\"recordOutboundLink(this, 'E-mail', 'Description PDF');return false;\">Alttoglass Matt<\/a><\/p>\n<p>\u010ce \u017eelite naro\u010diti model iz pdf kataloga te kolekcije, nam pi\u0161ite na: <a href=\"mailto:keramoteka.salon@gmail.com\" onclick=\"recordOutboundLink(this, 'E-mail', 'Description mail');return false;\">keramoteka.salon@gmail.com<\/a> ali pa nas pokli\u010dite na: 031 255 900.<\/p>\n<p>Technical description: <br \/>Min. 1 box \u2013 Delivery 30 Euro\/box in EU<br \/>9,4 kg &#8211; 1,22 m2\/box<\/p>\n","protected":false},"excerpt":{"rendered":"<p>Alttoglass Mosaic Matt Blanco je na voljo po zelo ugodni ceni 87,25 EUR. Z velikostjo mre\u017ee 33,3&#215;33,3 cm na katero je pripet, je ta mozaik primeren ze razli\u010dne povr\u0161ine. Letos so mozaiki v beli barvi zelo za\u017eeljeni. Ta mozaik je debel 4 mm in je zelo trpe\u017een. Ta mozaik je izdelal proizvajalec Alttoglass, ki prihaja [&hellip;]<\/p>\n","protected":false},"featured_media":105045,"template":"","meta":[],"product_cat":[999759,400,999,410],"product_tag":[],"_links":{"self":[{"href":"https:\/\/www.keramika.com\/slovenija\/wp-json\/wp\/v2\/product\/105044"}],"collection":[{"href":"https:\/\/www.keramika.com\/slovenija\/wp-json\/wp\/v2\/product"}],"about":[{"href":"https:\/\/www.keramika.com\/slovenija\/wp-json\/wp\/v2\/types\/product"}],"wp:featuredmedia":[{"embeddable":true,"href":"https:\/\/www.keramika.com\/slovenija\/wp-json\/wp\/v2\/media\/105045"}],"wp:attachment":[{"href":"https:\/\/www.keramika.com\/slovenija\/wp-json\/wp\/v2\/media?parent=105044"}],"wp:term":[{"taxonomy":"product_cat","embeddable":true,"href":"https:\/\/www.keramika.com\/slovenija\/wp-json\/wp\/v2\/product_cat?post=105044"},{"taxonomy":"product_tag","embeddable":true,"href":"https:\/\/www.keramika.com\/slovenija\/wp-json\/wp\/v2\/product_tag?post=105044"}],"curies":[{"name":"wp","href":"https:\/\/api.w.org\/{rel}","templated":true}]}}