{"id":105028,"date":"2017-03-23T00:31:47","date_gmt":"2017-03-23T00:31:47","guid":{"rendered":"http:\/\/keramika.holest.com\/slovenija\/product\/alttoglass-mozaik-marmi-damero\/"},"modified":"2026-01-03T00:03:01","modified_gmt":"2026-01-03T00:03:01","slug":"alttoglass-mozaik-marmi-damero","status":"publish","type":"product","link":"https:\/\/www.keramika.com\/slovenija\/alttoglass-mozaik-marmi-damero\/","title":{"rendered":"Alttoglass mozaik Marmi Damero"},"content":{"rendered":"<p>Mozaik dobite pripet na mre\u017eo, kar olaj\u0161a njegovo polaganje. Velikost mre\u017ee je 33,3&#215;33,3 cm in je primerna za razli\u010dne povr\u0161ine. Alttoglass Mosaic Marmi Damero je pripeljana iz \u0160panije in je zelo kvalitetna. Alttoglass Mosaic Marmi Damero je na voljo po zelo ugodni ceni 97,5 EUR. Letos so mozaiki v be\u017e barvi zelo za\u017eeljeni. Ta mozaik je debel 4 mm in je zelo trpe\u017een.<\/p>\n<p>Kliknite na ime kolekcije za ogled vseh plo\u0161\u010dic iz te serije: <a class=\"pdfcatal\" href=\"\/\/www.ceramictiles.com\/pdf\/altoglass\/catalogue_altoglass_marmi.pdf\" onclick=\"recordOutboundLink(this, 'E-mail', 'Description PDF');return false;\">Alttoglass Marmi<\/a><\/p>\n<p>\u010ce \u017eelite naro\u010diti model iz pdf kataloga te kolekcije, nam pi\u0161ite na: <a href=\"mailto:keramoteka.salon@gmail.com\" onclick=\"recordOutboundLink(this, 'E-mail', 'Description mail');return false;\">keramoteka.salon@gmail.com<\/a> ali pa nas pokli\u010dite na: 031 255 900.<\/p>\n<p>Technical description: <br \/>Min. 1 box \u2013 Delivery 30 Euro\/box in EU<br \/>16,40 kg &#8211; 2 m2\/box<\/p>\n","protected":false},"excerpt":{"rendered":"<p>Mozaik dobite pripet na mre\u017eo, kar olaj\u0161a njegovo polaganje. Velikost mre\u017ee je 33,3&#215;33,3 cm in je primerna za razli\u010dne povr\u0161ine. Alttoglass Mosaic Marmi Damero je pripeljana iz \u0160panije in je zelo kvalitetna. Alttoglass Mosaic Marmi Damero je na voljo po zelo ugodni ceni 97,5 EUR. Letos so mozaiki v be\u017e barvi zelo za\u017eeljeni. Ta mozaik [&hellip;]<\/p>\n","protected":false},"featured_media":105029,"template":"","meta":[],"product_cat":[999759,400,999,410],"product_tag":[],"_links":{"self":[{"href":"https:\/\/www.keramika.com\/slovenija\/wp-json\/wp\/v2\/product\/105028"}],"collection":[{"href":"https:\/\/www.keramika.com\/slovenija\/wp-json\/wp\/v2\/product"}],"about":[{"href":"https:\/\/www.keramika.com\/slovenija\/wp-json\/wp\/v2\/types\/product"}],"wp:featuredmedia":[{"embeddable":true,"href":"https:\/\/www.keramika.com\/slovenija\/wp-json\/wp\/v2\/media\/105029"}],"wp:attachment":[{"href":"https:\/\/www.keramika.com\/slovenija\/wp-json\/wp\/v2\/media?parent=105028"}],"wp:term":[{"taxonomy":"product_cat","embeddable":true,"href":"https:\/\/www.keramika.com\/slovenija\/wp-json\/wp\/v2\/product_cat?post=105028"},{"taxonomy":"product_tag","embeddable":true,"href":"https:\/\/www.keramika.com\/slovenija\/wp-json\/wp\/v2\/product_tag?post=105028"}],"curies":[{"name":"wp","href":"https:\/\/api.w.org\/{rel}","templated":true}]}}