{"id":105018,"date":"2017-03-23T00:31:23","date_gmt":"2017-03-23T00:31:23","guid":{"rendered":"http:\/\/keramika.holest.com\/slovenija\/product\/alttoglass-mozaik-luxe-oro\/"},"modified":"2026-01-03T00:03:00","modified_gmt":"2026-01-03T00:03:00","slug":"alttoglass-mozaik-luxe-oro","status":"publish","type":"product","link":"https:\/\/www.keramika.com\/slovenija\/alttoglass-mozaik-luxe-oro\/","title":{"rendered":"Alttoglass mozaik Luxe Oro"},"content":{"rendered":"<p>Keramika v zlati barvi popestri vsak prostor. V redni prodaji bi morali za ta mozaik od\u0161teti 65,31 EUR, spletna cena pa zna\u0161a le 52,25 EUR. Alttoglass Mosaic Luxe Oro je plo\u0161\u010dica proizvajalca Alttoglass in prihaja iz \u0160panije. Dimenzije mre\u017ee na katero je pripet ta mozaik so 33,3&#215;33,3 cm. Mre\u017ea omogo\u010da enostavnej\u0161e polaganje. Debelina kar 4 mm dela ta mozaik zelo trpe\u017een in presti\u017een na otip.<\/p>\n<p>Kliknite na ime kolekcije za ogled vseh plo\u0161\u010dic iz te serije: <a class=\"pdfcatal\" href=\"\/\/www.ceramictiles.com\/pdf\/altoglass\/catalogue_altoglass_luxe.pdf\" onclick=\"recordOutboundLink(this, 'E-mail', 'Description PDF');return false;\">Alttoglass Luxe<\/a><\/p>\n<p>\u010ce \u017eelite naro\u010diti model iz pdf kataloga te kolekcije, nam pi\u0161ite na: <a href=\"mailto:keramoteka.salon@gmail.com\" onclick=\"recordOutboundLink(this, 'E-mail', 'Description mail');return false;\">keramoteka.salon@gmail.com<\/a> ali pa nas pokli\u010dite na: 031 255 900.<\/p>\n<p>Technical description: <br \/>Min. 1 box \u2013 Delivery 30 Euro\/box in EU<br \/>16,40 kg &#8211; 2 m2\/box<\/p>\n","protected":false},"excerpt":{"rendered":"<p>Keramika v zlati barvi popestri vsak prostor. V redni prodaji bi morali za ta mozaik od\u0161teti 65,31 EUR, spletna cena pa zna\u0161a le 52,25 EUR. Alttoglass Mosaic Luxe Oro je plo\u0161\u010dica proizvajalca Alttoglass in prihaja iz \u0160panije. Dimenzije mre\u017ee na katero je pripet ta mozaik so 33,3&#215;33,3 cm. Mre\u017ea omogo\u010da enostavnej\u0161e polaganje. Debelina kar 4 [&hellip;]<\/p>\n","protected":false},"featured_media":105019,"template":"","meta":[],"product_cat":[999759,400,999,410],"product_tag":[],"_links":{"self":[{"href":"https:\/\/www.keramika.com\/slovenija\/wp-json\/wp\/v2\/product\/105018"}],"collection":[{"href":"https:\/\/www.keramika.com\/slovenija\/wp-json\/wp\/v2\/product"}],"about":[{"href":"https:\/\/www.keramika.com\/slovenija\/wp-json\/wp\/v2\/types\/product"}],"wp:featuredmedia":[{"embeddable":true,"href":"https:\/\/www.keramika.com\/slovenija\/wp-json\/wp\/v2\/media\/105019"}],"wp:attachment":[{"href":"https:\/\/www.keramika.com\/slovenija\/wp-json\/wp\/v2\/media?parent=105018"}],"wp:term":[{"taxonomy":"product_cat","embeddable":true,"href":"https:\/\/www.keramika.com\/slovenija\/wp-json\/wp\/v2\/product_cat?post=105018"},{"taxonomy":"product_tag","embeddable":true,"href":"https:\/\/www.keramika.com\/slovenija\/wp-json\/wp\/v2\/product_tag?post=105018"}],"curies":[{"name":"wp","href":"https:\/\/api.w.org\/{rel}","templated":true}]}}