{"id":104984,"date":"2017-03-23T00:30:05","date_gmt":"2017-03-23T00:30:05","guid":{"rendered":"http:\/\/keramika.holest.com\/slovenija\/product\/alttoglass-mozaik-italy-verona\/"},"modified":"2026-01-03T00:02:56","modified_gmt":"2026-01-03T00:02:56","slug":"alttoglass-mozaik-italy-verona","status":"publish","type":"product","link":"https:\/\/www.keramika.com\/slovenija\/alttoglass-mozaik-italy-verona\/","title":{"rendered":"Alttoglass mozaik Italy Verona"},"content":{"rendered":"<p>Ta mozaik je izdelal proizvajalec Alttoglass, ki prihaja iz \u0160panije. Z velikostjo mre\u017ee 30&#215;30 cm na katero je pripet, je ta mozaik primeren ze razli\u010dne povr\u0161ine. Na spletu boste za ta mozaik od\u0161teli le 180 EUR, medtem ko v redni prodaji cena zna\u0161a 225 EUR. Mozaik je debel kar 8 mm, kar ga uvr\u0161\u010da med bolj trde mozaik plo\u0161\u010dice. Keramika v beli barvi popestri vsak prostor.<\/p>\n<p>Kliknite na ime kolekcije za ogled vseh plo\u0161\u010dic iz te serije: <a class=\"pdfcatal\" href=\"\/\/www.ceramictiles.com\/pdf\/altoglass\/catalogue_altoglass_italy.pdf\" onclick=\"recordOutboundLink(this, 'E-mail', 'Description PDF');return false;\">Alttoglass Italy<\/a><\/p>\n<p>\u010ce \u017eelite naro\u010diti model iz pdf kataloga te kolekcije, nam pi\u0161ite na: <a href=\"mailto:keramoteka.salon@gmail.com\" onclick=\"recordOutboundLink(this, 'E-mail', 'Description mail');return false;\">keramoteka.salon@gmail.com<\/a> ali pa nas pokli\u010dite na: 031 255 900.<\/p>\n<p>Technical description: <br \/>Min. 1 box \u2013 Delivery 30 Euro\/box in EU<br \/>8,5 kg<\/p>\n","protected":false},"excerpt":{"rendered":"<p>Ta mozaik je izdelal proizvajalec Alttoglass, ki prihaja iz \u0160panije. Z velikostjo mre\u017ee 30&#215;30 cm na katero je pripet, je ta mozaik primeren ze razli\u010dne povr\u0161ine. Na spletu boste za ta mozaik od\u0161teli le 180 EUR, medtem ko v redni prodaji cena zna\u0161a 225 EUR. Mozaik je debel kar 8 mm, kar ga uvr\u0161\u010da med [&hellip;]<\/p>\n","protected":false},"featured_media":104985,"template":"","meta":[],"product_cat":[999759,400,999,410,430],"product_tag":[],"_links":{"self":[{"href":"https:\/\/www.keramika.com\/slovenija\/wp-json\/wp\/v2\/product\/104984"}],"collection":[{"href":"https:\/\/www.keramika.com\/slovenija\/wp-json\/wp\/v2\/product"}],"about":[{"href":"https:\/\/www.keramika.com\/slovenija\/wp-json\/wp\/v2\/types\/product"}],"wp:featuredmedia":[{"embeddable":true,"href":"https:\/\/www.keramika.com\/slovenija\/wp-json\/wp\/v2\/media\/104985"}],"wp:attachment":[{"href":"https:\/\/www.keramika.com\/slovenija\/wp-json\/wp\/v2\/media?parent=104984"}],"wp:term":[{"taxonomy":"product_cat","embeddable":true,"href":"https:\/\/www.keramika.com\/slovenija\/wp-json\/wp\/v2\/product_cat?post=104984"},{"taxonomy":"product_tag","embeddable":true,"href":"https:\/\/www.keramika.com\/slovenija\/wp-json\/wp\/v2\/product_tag?post=104984"}],"curies":[{"name":"wp","href":"https:\/\/api.w.org\/{rel}","templated":true}]}}