{"id":104960,"date":"2017-03-23T00:29:05","date_gmt":"2017-03-23T00:29:05","guid":{"rendered":"http:\/\/keramika.holest.com\/slovenija\/product\/alttoglass-mozaik-italy-capri\/"},"modified":"2026-01-03T00:02:53","modified_gmt":"2026-01-03T00:02:53","slug":"alttoglass-mozaik-italy-capri","status":"publish","type":"product","link":"https:\/\/www.keramika.com\/slovenija\/alttoglass-mozaik-italy-capri\/","title":{"rendered":"Alttoglass mozaik Italy Capri"},"content":{"rendered":"<p>\u0160irina in dol\u017eina mre\u017ee na katero je pripet ta mozaik sta 30&#215;30 cm. Mre\u017eo lahko enostavno polo\u017eite na razli\u010dne povr\u0161ine. Alttoglass Mosaic Italy Capri je pripeljana iz \u0160panije in je zelo kvalitetna. Namesto 225 EUR kot bi za ta mozaik od\u0161teli v klasi\u010dni trgovini, boste v na\u0161i spletni prodajalni od\u0161teli le 180 EUR. Ta model mozaik plo\u0161\u010dic se najbolje prodaja v modri barvi. Ta mozaik je debel 8 mm in je zelo trpe\u017een.<\/p>\n<p>Kliknite na ime kolekcije za ogled vseh plo\u0161\u010dic iz te serije: <a class=\"pdfcatal\" href=\"\/\/www.ceramictiles.com\/pdf\/altoglass\/catalogue_altoglass_italy.pdf\" onclick=\"recordOutboundLink(this, 'E-mail', 'Description PDF');return false;\">Alttoglass Italy<\/a><\/p>\n<p>\u010ce \u017eelite naro\u010diti model iz pdf kataloga te kolekcije, nam pi\u0161ite na: <a href=\"mailto:keramoteka.salon@gmail.com\" onclick=\"recordOutboundLink(this, 'E-mail', 'Description mail');return false;\">keramoteka.salon@gmail.com<\/a> ali pa nas pokli\u010dite na: 031 255 900.<\/p>\n<p>Technical description: <br \/>Min. 1 box \u2013 Delivery 30 Euro\/box in EU<br \/>8,5 kg<\/p>\n","protected":false},"excerpt":{"rendered":"<p>\u0160irina in dol\u017eina mre\u017ee na katero je pripet ta mozaik sta 30&#215;30 cm. Mre\u017eo lahko enostavno polo\u017eite na razli\u010dne povr\u0161ine. Alttoglass Mosaic Italy Capri je pripeljana iz \u0160panije in je zelo kvalitetna. Namesto 225 EUR kot bi za ta mozaik od\u0161teli v klasi\u010dni trgovini, boste v na\u0161i spletni prodajalni od\u0161teli le 180 EUR. Ta model [&hellip;]<\/p>\n","protected":false},"featured_media":104961,"template":"","meta":[],"product_cat":[999759,400,999,410,430],"product_tag":[],"_links":{"self":[{"href":"https:\/\/www.keramika.com\/slovenija\/wp-json\/wp\/v2\/product\/104960"}],"collection":[{"href":"https:\/\/www.keramika.com\/slovenija\/wp-json\/wp\/v2\/product"}],"about":[{"href":"https:\/\/www.keramika.com\/slovenija\/wp-json\/wp\/v2\/types\/product"}],"wp:featuredmedia":[{"embeddable":true,"href":"https:\/\/www.keramika.com\/slovenija\/wp-json\/wp\/v2\/media\/104961"}],"wp:attachment":[{"href":"https:\/\/www.keramika.com\/slovenija\/wp-json\/wp\/v2\/media?parent=104960"}],"wp:term":[{"taxonomy":"product_cat","embeddable":true,"href":"https:\/\/www.keramika.com\/slovenija\/wp-json\/wp\/v2\/product_cat?post=104960"},{"taxonomy":"product_tag","embeddable":true,"href":"https:\/\/www.keramika.com\/slovenija\/wp-json\/wp\/v2\/product_tag?post=104960"}],"curies":[{"name":"wp","href":"https:\/\/api.w.org\/{rel}","templated":true}]}}