{"id":104956,"date":"2017-03-23T00:28:55","date_gmt":"2017-03-23T00:28:55","guid":{"rendered":"http:\/\/keramika.holest.com\/slovenija\/product\/alttoglass-mozaik-italy-adigio\/"},"modified":"2026-01-03T00:02:53","modified_gmt":"2026-01-03T00:02:53","slug":"alttoglass-mozaik-italy-adigio","status":"publish","type":"product","link":"https:\/\/www.keramika.com\/slovenija\/alttoglass-mozaik-italy-adigio\/","title":{"rendered":"Alttoglass mozaik Italy Adigio"},"content":{"rendered":"<p>Ta mozaik je debel 8 mm in je zelo trpe\u017een. Alttoglass Mosaic Italy Adigio je plo\u0161\u010dica proizvajalca Alttoglass in prihaja iz \u0160panije. Dimenzije mre\u017ee na katero je pripet ta mozaik so 30&#215;30 cm. Mre\u017ea omogo\u010da enostavnej\u0161e polaganje. Keramika v beli barvi popestri vsak prostor. Alttoglass Mosaic Italy Adigio je na voljo po zelo ugodni ceni 180 EUR.<\/p>\n<p>Kliknite na ime kolekcije za ogled vseh plo\u0161\u010dic iz te serije: <a class=\"pdfcatal\" href=\"\/\/www.ceramictiles.com\/pdf\/altoglass\/catalogue_altoglass_italy.pdf\" onclick=\"recordOutboundLink(this, 'E-mail', 'Description PDF');return false;\">Alttoglass Italy<\/a><\/p>\n<p>\u010ce \u017eelite naro\u010diti model iz pdf kataloga te kolekcije, nam pi\u0161ite na: <a href=\"mailto:keramoteka.salon@gmail.com\" onclick=\"recordOutboundLink(this, 'E-mail', 'Description mail');return false;\">keramoteka.salon@gmail.com<\/a> ali pa nas pokli\u010dite na: 031 255 900.<\/p>\n<p>Technical description: <br \/>Min. 1 box \u2013 Delivery 30 Euro\/box in EU<br \/>8,5 kg<\/p>\n","protected":false},"excerpt":{"rendered":"<p>Ta mozaik je debel 8 mm in je zelo trpe\u017een. Alttoglass Mosaic Italy Adigio je plo\u0161\u010dica proizvajalca Alttoglass in prihaja iz \u0160panije. Dimenzije mre\u017ee na katero je pripet ta mozaik so 30&#215;30 cm. Mre\u017ea omogo\u010da enostavnej\u0161e polaganje. Keramika v beli barvi popestri vsak prostor. Alttoglass Mosaic Italy Adigio je na voljo po zelo ugodni ceni [&hellip;]<\/p>\n","protected":false},"featured_media":104957,"template":"","meta":[],"product_cat":[999759,400,999,410,430],"product_tag":[],"_links":{"self":[{"href":"https:\/\/www.keramika.com\/slovenija\/wp-json\/wp\/v2\/product\/104956"}],"collection":[{"href":"https:\/\/www.keramika.com\/slovenija\/wp-json\/wp\/v2\/product"}],"about":[{"href":"https:\/\/www.keramika.com\/slovenija\/wp-json\/wp\/v2\/types\/product"}],"wp:featuredmedia":[{"embeddable":true,"href":"https:\/\/www.keramika.com\/slovenija\/wp-json\/wp\/v2\/media\/104957"}],"wp:attachment":[{"href":"https:\/\/www.keramika.com\/slovenija\/wp-json\/wp\/v2\/media?parent=104956"}],"wp:term":[{"taxonomy":"product_cat","embeddable":true,"href":"https:\/\/www.keramika.com\/slovenija\/wp-json\/wp\/v2\/product_cat?post=104956"},{"taxonomy":"product_tag","embeddable":true,"href":"https:\/\/www.keramika.com\/slovenija\/wp-json\/wp\/v2\/product_tag?post=104956"}],"curies":[{"name":"wp","href":"https:\/\/api.w.org\/{rel}","templated":true}]}}