{"id":104954,"date":"2017-03-23T00:28:50","date_gmt":"2017-03-23T00:28:50","guid":{"rendered":"http:\/\/keramika.holest.com\/slovenija\/product\/alttoglass-mozaik-iris-medium\/"},"modified":"2026-01-03T00:02:53","modified_gmt":"2026-01-03T00:02:53","slug":"alttoglass-mozaik-iris-medium","status":"publish","type":"product","link":"https:\/\/www.keramika.com\/slovenija\/alttoglass-mozaik-iris-medium\/","title":{"rendered":"Alttoglass mozaik Iris Medium"},"content":{"rendered":"<p>Ta mozaik plo\u0161\u010dica prihaja iz \u0160panije, ki je znana po kvalitetni keramiki. Dimenzije mre\u017ee na katero je pripet ta mozaik so 33,3&#215;33,3 cm. Mre\u017ea omogo\u010da enostavnej\u0161e polaganje. Letos so mozaiki v modri barvi zelo za\u017eeljeni. V redni prodaji bi morali za ta mozaik od\u0161teti 121,88 EUR, spletna cena pa zna\u0161a le 97,5 EUR. Mozaik je debel kar 4 mm, kar ga uvr\u0161\u010da med bolj trde mozaik plo\u0161\u010dice.<\/p>\n<p>Kliknite na ime kolekcije za ogled vseh plo\u0161\u010dic iz te serije: <a class=\"pdfcatal\" href=\"\/\/www.ceramictiles.com\/pdf\/altoglass\/catalogue_altoglass_italy.pdf\" onclick=\"recordOutboundLink(this, 'E-mail', 'Description PDF');return false;\">Alttoglass Italy<\/a><\/p>\n<p>\u010ce \u017eelite naro\u010diti model iz pdf kataloga te kolekcije, nam pi\u0161ite na: <a href=\"mailto:keramoteka.salon@gmail.com\" onclick=\"recordOutboundLink(this, 'E-mail', 'Description mail');return false;\">keramoteka.salon@gmail.com<\/a> ali pa nas pokli\u010dite na: 031 255 900.<\/p>\n<p>Technical description: <br \/>Min. 1 box \u2013 Delivery 30 Euro\/box in EU<br \/>8,2 kg<\/p>\n","protected":false},"excerpt":{"rendered":"<p>Ta mozaik plo\u0161\u010dica prihaja iz \u0160panije, ki je znana po kvalitetni keramiki. Dimenzije mre\u017ee na katero je pripet ta mozaik so 33,3&#215;33,3 cm. Mre\u017ea omogo\u010da enostavnej\u0161e polaganje. Letos so mozaiki v modri barvi zelo za\u017eeljeni. V redni prodaji bi morali za ta mozaik od\u0161teti 121,88 EUR, spletna cena pa zna\u0161a le 97,5 EUR. Mozaik je [&hellip;]<\/p>\n","protected":false},"featured_media":104955,"template":"","meta":[],"product_cat":[999759,400,999,410,430],"product_tag":[],"_links":{"self":[{"href":"https:\/\/www.keramika.com\/slovenija\/wp-json\/wp\/v2\/product\/104954"}],"collection":[{"href":"https:\/\/www.keramika.com\/slovenija\/wp-json\/wp\/v2\/product"}],"about":[{"href":"https:\/\/www.keramika.com\/slovenija\/wp-json\/wp\/v2\/types\/product"}],"wp:featuredmedia":[{"embeddable":true,"href":"https:\/\/www.keramika.com\/slovenija\/wp-json\/wp\/v2\/media\/104955"}],"wp:attachment":[{"href":"https:\/\/www.keramika.com\/slovenija\/wp-json\/wp\/v2\/media?parent=104954"}],"wp:term":[{"taxonomy":"product_cat","embeddable":true,"href":"https:\/\/www.keramika.com\/slovenija\/wp-json\/wp\/v2\/product_cat?post=104954"},{"taxonomy":"product_tag","embeddable":true,"href":"https:\/\/www.keramika.com\/slovenija\/wp-json\/wp\/v2\/product_tag?post=104954"}],"curies":[{"name":"wp","href":"https:\/\/api.w.org\/{rel}","templated":true}]}}