{"id":104946,"date":"2017-03-23T00:28:32","date_gmt":"2017-03-23T00:28:32","guid":{"rendered":"http:\/\/keramika.holest.com\/slovenija\/product\/alttoglass-mozaik-ink-sauce-inkwood\/"},"modified":"2026-01-03T00:02:52","modified_gmt":"2026-01-03T00:02:52","slug":"alttoglass-mozaik-ink-sauce-inkwood","status":"publish","type":"product","link":"https:\/\/www.keramika.com\/slovenija\/alttoglass-mozaik-ink-sauce-inkwood\/","title":{"rendered":"Alttoglass mozaik Ink Sauce Inkwood"},"content":{"rendered":"<p>Zelo moderen mozaik v dominanti sivi barvi popestri prav vsak prostor. Debelina kar 4 mm dela ta mozaik zelo trpe\u017een in presti\u017een na otip. Z 33,3&#215;33,3 cm je mre\u017ea na katero so pripete te mozaik plo\u0161\u010dice primerna za razli\u010dne podlage. Redna cena tega mozaika v maloprodaji zna\u0161a 375 EUR, v na\u0161i spletni trgovini pa ga lahko dobite \u017ee za 300 EUR. Alttoglass Mosaic Ink Sauce Inkwood je plo\u0161\u010dica proizvajalca Alttoglass in prihaja iz \u0160panije.<\/p>\n<p>Kliknite na ime kolekcije za ogled vseh plo\u0161\u010dic iz te serije: <a class=\"pdfcatal\" href=\"\/\/www.ceramictiles.com\/pdf\/altoglass\/catalogue_altoglass_ink.pdf\" onclick=\"recordOutboundLink(this, 'E-mail', 'Description PDF');return false;\">Alttoglass Ink<\/a><\/p>\n<p>\u010ce \u017eelite naro\u010diti model iz pdf kataloga te kolekcije, nam pi\u0161ite na: <a href=\"mailto:keramoteka.salon@gmail.com\" onclick=\"recordOutboundLink(this, 'E-mail', 'Description mail');return false;\">keramoteka.salon@gmail.com<\/a> ali pa nas pokli\u010dite na: 031 255 900.<\/p>\n<p>Technical description: <br \/>Min. 1 box \u2013 Delivery 30 Euro\/box in EU<br \/>8,2 kg<\/p>\n","protected":false},"excerpt":{"rendered":"<p>Zelo moderen mozaik v dominanti sivi barvi popestri prav vsak prostor. Debelina kar 4 mm dela ta mozaik zelo trpe\u017een in presti\u017een na otip. Z 33,3&#215;33,3 cm je mre\u017ea na katero so pripete te mozaik plo\u0161\u010dice primerna za razli\u010dne podlage. Redna cena tega mozaika v maloprodaji zna\u0161a 375 EUR, v na\u0161i spletni trgovini pa ga [&hellip;]<\/p>\n","protected":false},"featured_media":104947,"template":"","meta":[],"product_cat":[999759,400,999,410],"product_tag":[],"_links":{"self":[{"href":"https:\/\/www.keramika.com\/slovenija\/wp-json\/wp\/v2\/product\/104946"}],"collection":[{"href":"https:\/\/www.keramika.com\/slovenija\/wp-json\/wp\/v2\/product"}],"about":[{"href":"https:\/\/www.keramika.com\/slovenija\/wp-json\/wp\/v2\/types\/product"}],"wp:featuredmedia":[{"embeddable":true,"href":"https:\/\/www.keramika.com\/slovenija\/wp-json\/wp\/v2\/media\/104947"}],"wp:attachment":[{"href":"https:\/\/www.keramika.com\/slovenija\/wp-json\/wp\/v2\/media?parent=104946"}],"wp:term":[{"taxonomy":"product_cat","embeddable":true,"href":"https:\/\/www.keramika.com\/slovenija\/wp-json\/wp\/v2\/product_cat?post=104946"},{"taxonomy":"product_tag","embeddable":true,"href":"https:\/\/www.keramika.com\/slovenija\/wp-json\/wp\/v2\/product_tag?post=104946"}],"curies":[{"name":"wp","href":"https:\/\/api.w.org\/{rel}","templated":true}]}}