{"id":104934,"date":"2017-03-23T00:28:04","date_gmt":"2017-03-23T00:28:04","guid":{"rendered":"http:\/\/keramika.holest.com\/slovenija\/product\/alttoglass-mozaik-fog-verde-claro\/"},"modified":"2026-01-03T00:02:50","modified_gmt":"2026-01-03T00:02:50","slug":"alttoglass-mozaik-fog-verde-claro","status":"publish","type":"product","link":"https:\/\/www.keramika.com\/slovenija\/alttoglass-mozaik-fog-verde-claro\/","title":{"rendered":"Alttoglass mozaik Fog Verde Claro"},"content":{"rendered":"<p>Ta mozaik je izdelal proizvajalec Alttoglass, ki prihaja iz \u0160panije. Mozaik na sliki je pripet na mre\u017eo, kar olaj\u0161a njegovo polaganje. Mre\u017ea je velika 33,3&#215;33,3 cm. 41,25 EUR v klasi\u010dni trgovini, pri nas pa le 33 EUR. Debelina kar 4 mm dela ta mozaik zelo trpe\u017een in presti\u017een na otip. Ta model mozaik plo\u0161\u010dic se najbolje prodaja v zeleni barvi.<\/p>\n<p>Kliknite na ime kolekcije za ogled vseh plo\u0161\u010dic iz te serije: <a class=\"pdfcatal\" href=\"\/\/www.ceramictiles.com\/pdf\/altoglass\/catalogue_altoglass_fog.pdf\" onclick=\"recordOutboundLink(this, 'E-mail', 'Description PDF');return false;\">Alttoglass Fog<\/a><\/p>\n<p>\u010ce \u017eelite naro\u010diti model iz pdf kataloga te kolekcije, nam pi\u0161ite na: <a href=\"mailto:keramoteka.salon@gmail.com\" onclick=\"recordOutboundLink(this, 'E-mail', 'Description mail');return false;\">keramoteka.salon@gmail.com<\/a> ali pa nas pokli\u010dite na: 031 255 900.<\/p>\n<p>Technical description: <br \/>Min. 1 box \u2013 Delivery 30 Euro\/box in EU<br \/>16,40 kg &#8211; 2 m2\/box<\/p>\n","protected":false},"excerpt":{"rendered":"<p>Ta mozaik je izdelal proizvajalec Alttoglass, ki prihaja iz \u0160panije. Mozaik na sliki je pripet na mre\u017eo, kar olaj\u0161a njegovo polaganje. Mre\u017ea je velika 33,3&#215;33,3 cm. 41,25 EUR v klasi\u010dni trgovini, pri nas pa le 33 EUR. Debelina kar 4 mm dela ta mozaik zelo trpe\u017een in presti\u017een na otip. Ta model mozaik plo\u0161\u010dic se [&hellip;]<\/p>\n","protected":false},"featured_media":104935,"template":"","meta":[],"product_cat":[999759,400,999,410],"product_tag":[],"_links":{"self":[{"href":"https:\/\/www.keramika.com\/slovenija\/wp-json\/wp\/v2\/product\/104934"}],"collection":[{"href":"https:\/\/www.keramika.com\/slovenija\/wp-json\/wp\/v2\/product"}],"about":[{"href":"https:\/\/www.keramika.com\/slovenija\/wp-json\/wp\/v2\/types\/product"}],"wp:featuredmedia":[{"embeddable":true,"href":"https:\/\/www.keramika.com\/slovenija\/wp-json\/wp\/v2\/media\/104935"}],"wp:attachment":[{"href":"https:\/\/www.keramika.com\/slovenija\/wp-json\/wp\/v2\/media?parent=104934"}],"wp:term":[{"taxonomy":"product_cat","embeddable":true,"href":"https:\/\/www.keramika.com\/slovenija\/wp-json\/wp\/v2\/product_cat?post=104934"},{"taxonomy":"product_tag","embeddable":true,"href":"https:\/\/www.keramika.com\/slovenija\/wp-json\/wp\/v2\/product_tag?post=104934"}],"curies":[{"name":"wp","href":"https:\/\/api.w.org\/{rel}","templated":true}]}}