{"id":104926,"date":"2017-03-23T00:27:46","date_gmt":"2017-03-23T00:27:46","guid":{"rendered":"http:\/\/keramika.holest.com\/slovenija\/product\/alttoglass-mozaik-fog-palma\/"},"modified":"2026-01-03T00:02:49","modified_gmt":"2026-01-03T00:02:49","slug":"alttoglass-mozaik-fog-palma","status":"publish","type":"product","link":"https:\/\/www.keramika.com\/slovenija\/alttoglass-mozaik-fog-palma\/","title":{"rendered":"Alttoglass mozaik Fog Palma"},"content":{"rendered":"<p>Ta mozaik plo\u0161\u010dica v \u010dudoviti beli barvi bo obogatila vsak prostor. Mozaik na sliki je pripet na mre\u017eo, kar olaj\u0161a njegovo polaganje. Mre\u017ea je velika 33,3&#215;33,3 cm. 4 mm debeline je dovolj tudi za zahtevnej\u0161e kupce. Zaradi ni\u017ejih stro\u0161kov pri spletni prodaji boste na na\u0161i strani za ta mozaik od\u0161teli le 41,25 EUR. Prihaja iz \u0160panije, ki po svetu slovi kot ena bolj\u0161ih proizvajalk kerami\u010dnih plo\u0161\u010dic.<\/p>\n<p>Kliknite na ime kolekcije za ogled vseh plo\u0161\u010dic iz te serije: <a class=\"pdfcatal\" href=\"\/\/www.ceramictiles.com\/pdf\/altoglass\/catalogue_altoglass_fog.pdf\" onclick=\"recordOutboundLink(this, 'E-mail', 'Description PDF');return false;\">Alttoglass Fog<\/a><\/p>\n<p>\u010ce \u017eelite naro\u010diti model iz pdf kataloga te kolekcije, nam pi\u0161ite na: <a href=\"mailto:keramoteka.salon@gmail.com\" onclick=\"recordOutboundLink(this, 'E-mail', 'Description mail');return false;\">keramoteka.salon@gmail.com<\/a> ali pa nas pokli\u010dite na: 031 255 900.<\/p>\n<p>Technical description: <br \/>Min. 1 box \u2013 Delivery 30 Euro\/box in EU<br \/>16,40 kg &#8211; 2 m2\/box<\/p>\n","protected":false},"excerpt":{"rendered":"<p>Ta mozaik plo\u0161\u010dica v \u010dudoviti beli barvi bo obogatila vsak prostor. Mozaik na sliki je pripet na mre\u017eo, kar olaj\u0161a njegovo polaganje. Mre\u017ea je velika 33,3&#215;33,3 cm. 4 mm debeline je dovolj tudi za zahtevnej\u0161e kupce. Zaradi ni\u017ejih stro\u0161kov pri spletni prodaji boste na na\u0161i strani za ta mozaik od\u0161teli le 41,25 EUR. Prihaja iz [&hellip;]<\/p>\n","protected":false},"featured_media":104927,"template":"","meta":[],"product_cat":[999759,400,999,410],"product_tag":[],"_links":{"self":[{"href":"https:\/\/www.keramika.com\/slovenija\/wp-json\/wp\/v2\/product\/104926"}],"collection":[{"href":"https:\/\/www.keramika.com\/slovenija\/wp-json\/wp\/v2\/product"}],"about":[{"href":"https:\/\/www.keramika.com\/slovenija\/wp-json\/wp\/v2\/types\/product"}],"wp:featuredmedia":[{"embeddable":true,"href":"https:\/\/www.keramika.com\/slovenija\/wp-json\/wp\/v2\/media\/104927"}],"wp:attachment":[{"href":"https:\/\/www.keramika.com\/slovenija\/wp-json\/wp\/v2\/media?parent=104926"}],"wp:term":[{"taxonomy":"product_cat","embeddable":true,"href":"https:\/\/www.keramika.com\/slovenija\/wp-json\/wp\/v2\/product_cat?post=104926"},{"taxonomy":"product_tag","embeddable":true,"href":"https:\/\/www.keramika.com\/slovenija\/wp-json\/wp\/v2\/product_tag?post=104926"}],"curies":[{"name":"wp","href":"https:\/\/api.w.org\/{rel}","templated":true}]}}