{"id":104924,"date":"2017-03-23T00:27:42","date_gmt":"2017-03-23T00:27:42","guid":{"rendered":"http:\/\/keramika.holest.com\/slovenija\/product\/alttoglass-mozaik-fog-negro\/"},"modified":"2026-01-03T00:02:48","modified_gmt":"2026-01-03T00:02:48","slug":"alttoglass-mozaik-fog-negro","status":"publish","type":"product","link":"https:\/\/www.keramika.com\/slovenija\/alttoglass-mozaik-fog-negro\/","title":{"rendered":"Alttoglass mozaik Fog Negro"},"content":{"rendered":"<p>Z 33,3&#215;33,3 cm je mre\u017ea na katero so pripete te mozaik plo\u0161\u010dice primerna za razli\u010dne podlage. Mozaik je debel kar 4 mm, kar ga uvr\u0161\u010da med bolj trde mozaik plo\u0161\u010dice. Alttoglass Mosaic Fog Negro je na voljo po zelo ugodni ceni 36,25 EUR. Ta model mozaik plo\u0161\u010dic se najbolje prodaja v \u010drni barvi. Alttoglass Mosaic Fog Negro je plo\u0161\u010dica proizvajalca Alttoglass in prihaja iz \u0160panije.<\/p>\n<p>Kliknite na ime kolekcije za ogled vseh plo\u0161\u010dic iz te serije: <a class=\"pdfcatal\" href=\"\/\/www.ceramictiles.com\/pdf\/altoglass\/catalogue_altoglass_fog.pdf\" onclick=\"recordOutboundLink(this, 'E-mail', 'Description PDF');return false;\">Alttoglass Fog<\/a><\/p>\n<p>\u010ce \u017eelite naro\u010diti model iz pdf kataloga te kolekcije, nam pi\u0161ite na: <a href=\"mailto:keramoteka.salon@gmail.com\" onclick=\"recordOutboundLink(this, 'E-mail', 'Description mail');return false;\">keramoteka.salon@gmail.com<\/a> ali pa nas pokli\u010dite na: 031 255 900.<\/p>\n<p>Technical description: <br \/>Min. 1 box \u2013 Delivery 30 Euro\/box in EU<br \/>16,40 kg &#8211; 2 m2\/box<\/p>\n","protected":false},"excerpt":{"rendered":"<p>Z 33,3&#215;33,3 cm je mre\u017ea na katero so pripete te mozaik plo\u0161\u010dice primerna za razli\u010dne podlage. Mozaik je debel kar 4 mm, kar ga uvr\u0161\u010da med bolj trde mozaik plo\u0161\u010dice. Alttoglass Mosaic Fog Negro je na voljo po zelo ugodni ceni 36,25 EUR. Ta model mozaik plo\u0161\u010dic se najbolje prodaja v \u010drni barvi. Alttoglass Mosaic [&hellip;]<\/p>\n","protected":false},"featured_media":104925,"template":"","meta":[],"product_cat":[999759,400,999,410],"product_tag":[],"_links":{"self":[{"href":"https:\/\/www.keramika.com\/slovenija\/wp-json\/wp\/v2\/product\/104924"}],"collection":[{"href":"https:\/\/www.keramika.com\/slovenija\/wp-json\/wp\/v2\/product"}],"about":[{"href":"https:\/\/www.keramika.com\/slovenija\/wp-json\/wp\/v2\/types\/product"}],"wp:featuredmedia":[{"embeddable":true,"href":"https:\/\/www.keramika.com\/slovenija\/wp-json\/wp\/v2\/media\/104925"}],"wp:attachment":[{"href":"https:\/\/www.keramika.com\/slovenija\/wp-json\/wp\/v2\/media?parent=104924"}],"wp:term":[{"taxonomy":"product_cat","embeddable":true,"href":"https:\/\/www.keramika.com\/slovenija\/wp-json\/wp\/v2\/product_cat?post=104924"},{"taxonomy":"product_tag","embeddable":true,"href":"https:\/\/www.keramika.com\/slovenija\/wp-json\/wp\/v2\/product_tag?post=104924"}],"curies":[{"name":"wp","href":"https:\/\/api.w.org\/{rel}","templated":true}]}}