{"id":104882,"date":"2017-03-23T00:26:21","date_gmt":"2017-03-23T00:26:21","guid":{"rendered":"http:\/\/keramika.holest.com\/slovenija\/product\/alttoglass-mozaik-fashion-forest\/"},"modified":"2026-01-03T00:02:43","modified_gmt":"2026-01-03T00:02:43","slug":"alttoglass-mozaik-fashion-forest","status":"publish","type":"product","link":"https:\/\/www.keramika.com\/slovenija\/alttoglass-mozaik-fashion-forest\/","title":{"rendered":"Alttoglass mozaik Fashion Forest"},"content":{"rendered":"<p>Ta mozaik je izdelal proizvajalec Alttoglass, ki prihaja iz \u0160panije. Velikost mre\u017ee z mozaikom je 33,3&#215;33,3 cm, kar omogo\u010da enostavno polaganje. Letos so mozaiki v zeleni barvi zelo za\u017eeljeni. 4 mm debeline je dovolj tudi za zahtevnej\u0161e kupce. Redna cena tega mozaika v maloprodaji zna\u0161a 150 EUR, v na\u0161i spletni trgovini pa ga lahko dobite \u017ee za 120 EUR.<\/p>\n<p>Kliknite na ime kolekcije za ogled vseh plo\u0161\u010dic iz te serije: <a class=\"pdfcatal\" href=\"\/\/www.ceramictiles.com\/pdf\/altoglass\/catalogue_altoglass_fashion.pdf\" onclick=\"recordOutboundLink(this, 'E-mail', 'Description PDF');return false;\">Alttoglass Fashion<\/a><\/p>\n<p>\u010ce \u017eelite naro\u010diti model iz pdf kataloga te kolekcije, nam pi\u0161ite na: <a href=\"mailto:keramoteka.salon@gmail.com\" onclick=\"recordOutboundLink(this, 'E-mail', 'Description mail');return false;\">keramoteka.salon@gmail.com<\/a> ali pa nas pokli\u010dite na: 031 255 900.<\/p>\n<p>Technical description: <br \/>Min. 1 box \u2013 Delivery 30 Euro\/box in EU<br \/>8,2 kg<\/p>\n","protected":false},"excerpt":{"rendered":"<p>Ta mozaik je izdelal proizvajalec Alttoglass, ki prihaja iz \u0160panije. Velikost mre\u017ee z mozaikom je 33,3&#215;33,3 cm, kar omogo\u010da enostavno polaganje. Letos so mozaiki v zeleni barvi zelo za\u017eeljeni. 4 mm debeline je dovolj tudi za zahtevnej\u0161e kupce. Redna cena tega mozaika v maloprodaji zna\u0161a 150 EUR, v na\u0161i spletni trgovini pa ga lahko dobite [&hellip;]<\/p>\n","protected":false},"featured_media":104883,"template":"","meta":[],"product_cat":[999759,400,999,410],"product_tag":[],"_links":{"self":[{"href":"https:\/\/www.keramika.com\/slovenija\/wp-json\/wp\/v2\/product\/104882"}],"collection":[{"href":"https:\/\/www.keramika.com\/slovenija\/wp-json\/wp\/v2\/product"}],"about":[{"href":"https:\/\/www.keramika.com\/slovenija\/wp-json\/wp\/v2\/types\/product"}],"wp:featuredmedia":[{"embeddable":true,"href":"https:\/\/www.keramika.com\/slovenija\/wp-json\/wp\/v2\/media\/104883"}],"wp:attachment":[{"href":"https:\/\/www.keramika.com\/slovenija\/wp-json\/wp\/v2\/media?parent=104882"}],"wp:term":[{"taxonomy":"product_cat","embeddable":true,"href":"https:\/\/www.keramika.com\/slovenija\/wp-json\/wp\/v2\/product_cat?post=104882"},{"taxonomy":"product_tag","embeddable":true,"href":"https:\/\/www.keramika.com\/slovenija\/wp-json\/wp\/v2\/product_tag?post=104882"}],"curies":[{"name":"wp","href":"https:\/\/api.w.org\/{rel}","templated":true}]}}