{"id":104874,"date":"2017-03-23T00:26:07","date_gmt":"2017-03-23T00:26:07","guid":{"rendered":"http:\/\/keramika.holest.com\/slovenija\/product\/alttoglass-mozaik-egyp-isis\/"},"modified":"2026-01-03T00:02:42","modified_gmt":"2026-01-03T00:02:42","slug":"alttoglass-mozaik-egyp-isis","status":"publish","type":"product","link":"https:\/\/www.keramika.com\/slovenija\/alttoglass-mozaik-egyp-isis\/","title":{"rendered":"Alttoglass mozaik Egyp Isis"},"content":{"rendered":"<p>225 EUR v klasi\u010dni trgovini, pri nas pa le 180 EUR. Mozaik na sliki je pripet na mre\u017eo, kar olaj\u0161a njegovo polaganje. Mre\u017ea je velika 31&#215;31,8 cm. Ta model mozaik plo\u0161\u010dic se najbolje prodaja v beli barvi. Debelina plo\u0161\u010dice je zelo pomembna in 8 mm uvr\u0161\u010da ta mozaik med najkvalitetnej\u0161e. Alttoglass Mosaic Egyp Isis je pripeljana iz \u0160panije in je zelo kvalitetna.<\/p>\n<p>Kliknite na ime kolekcije za ogled vseh plo\u0161\u010dic iz te serije: <a class=\"pdfcatal\" href=\"\/\/www.ceramictiles.com\/pdf\/altoglass\/catalogue_altoglass_egyp.pdf\" onclick=\"recordOutboundLink(this, 'E-mail', 'Description PDF');return false;\">Alttoglass Egyp<\/a><\/p>\n<p>\u010ce \u017eelite naro\u010diti model iz pdf kataloga te kolekcije, nam pi\u0161ite na: <a href=\"mailto:keramoteka.salon@gmail.com\" onclick=\"recordOutboundLink(this, 'E-mail', 'Description mail');return false;\">keramoteka.salon@gmail.com<\/a> ali pa nas pokli\u010dite na: 031 255 900.<\/p>\n<p>Technical description: <br \/>Min. 1 box \u2013 Delivery 30 Euro\/box in EU<br \/>11,83 kg<\/p>\n","protected":false},"excerpt":{"rendered":"<p>225 EUR v klasi\u010dni trgovini, pri nas pa le 180 EUR. Mozaik na sliki je pripet na mre\u017eo, kar olaj\u0161a njegovo polaganje. Mre\u017ea je velika 31&#215;31,8 cm. Ta model mozaik plo\u0161\u010dic se najbolje prodaja v beli barvi. Debelina plo\u0161\u010dice je zelo pomembna in 8 mm uvr\u0161\u010da ta mozaik med najkvalitetnej\u0161e. Alttoglass Mosaic Egyp Isis je [&hellip;]<\/p>\n","protected":false},"featured_media":104875,"template":"","meta":[],"product_cat":[999759,400,999,410],"product_tag":[],"_links":{"self":[{"href":"https:\/\/www.keramika.com\/slovenija\/wp-json\/wp\/v2\/product\/104874"}],"collection":[{"href":"https:\/\/www.keramika.com\/slovenija\/wp-json\/wp\/v2\/product"}],"about":[{"href":"https:\/\/www.keramika.com\/slovenija\/wp-json\/wp\/v2\/types\/product"}],"wp:featuredmedia":[{"embeddable":true,"href":"https:\/\/www.keramika.com\/slovenija\/wp-json\/wp\/v2\/media\/104875"}],"wp:attachment":[{"href":"https:\/\/www.keramika.com\/slovenija\/wp-json\/wp\/v2\/media?parent=104874"}],"wp:term":[{"taxonomy":"product_cat","embeddable":true,"href":"https:\/\/www.keramika.com\/slovenija\/wp-json\/wp\/v2\/product_cat?post=104874"},{"taxonomy":"product_tag","embeddable":true,"href":"https:\/\/www.keramika.com\/slovenija\/wp-json\/wp\/v2\/product_tag?post=104874"}],"curies":[{"name":"wp","href":"https:\/\/api.w.org\/{rel}","templated":true}]}}