{"id":104858,"date":"2017-03-23T00:25:40","date_gmt":"2017-03-23T00:25:40","guid":{"rendered":"http:\/\/keramika.holest.com\/slovenija\/product\/alttoglass-mozaik-cosmos-mix-azul\/"},"modified":"2026-01-03T00:02:37","modified_gmt":"2026-01-03T00:02:37","slug":"alttoglass-mozaik-cosmos-mix-azul","status":"publish","type":"product","link":"https:\/\/www.keramika.com\/slovenija\/alttoglass-mozaik-cosmos-mix-azul\/","title":{"rendered":"Alttoglass mozaik Cosmos Mix Azul"},"content":{"rendered":"<p>Pri izbiri mozaika v glavni modri barvi ne morete zgre\u0161iti. Redna cena tega mozaika v maloprodaji zna\u0161a 70,62 EUR, v na\u0161i spletni trgovini pa ga lahko dobite \u017ee za 56,5 EUR. Mozaik na sliki je pripet na mre\u017eo, kar olaj\u0161a njegovo polaganje. Mre\u017ea je velika 33,3&#215;33,3 cm. Debelina kar 4 mm dela ta mozaik zelo trpe\u017een in presti\u017een na otip. Alttoglass Mosaic Cosmos Mix Azul je pripeljana iz \u0160panije in je zelo kvalitetna.<\/p>\n<p>Kliknite na ime kolekcije za ogled vseh plo\u0161\u010dic iz te serije: <a class=\"pdfcatal\" href=\"\/\/www.ceramictiles.com\/pdf\/altoglass\/catalogue_altoglass_cosmos.pdf\" onclick=\"recordOutboundLink(this, 'E-mail', 'Description PDF');return false;\">Alttoglass Cosmos<\/a><\/p>\n<p>\u010ce \u017eelite naro\u010diti model iz pdf kataloga te kolekcije, nam pi\u0161ite na: <a href=\"mailto:keramoteka.salon@gmail.com\" onclick=\"recordOutboundLink(this, 'E-mail', 'Description mail');return false;\">keramoteka.salon@gmail.com<\/a> ali pa nas pokli\u010dite na: 031 255 900.<\/p>\n<p>Technical description: <br \/>Min. 1 box \u2013 Delivery 30 Euro\/box in EU<br \/>16,40 kg &#8211; 2 m2\/box<\/p>\n","protected":false},"excerpt":{"rendered":"<p>Pri izbiri mozaika v glavni modri barvi ne morete zgre\u0161iti. Redna cena tega mozaika v maloprodaji zna\u0161a 70,62 EUR, v na\u0161i spletni trgovini pa ga lahko dobite \u017ee za 56,5 EUR. Mozaik na sliki je pripet na mre\u017eo, kar olaj\u0161a njegovo polaganje. Mre\u017ea je velika 33,3&#215;33,3 cm. Debelina kar 4 mm dela ta mozaik zelo [&hellip;]<\/p>\n","protected":false},"featured_media":104859,"template":"","meta":[],"product_cat":[999759,400,999,410],"product_tag":[],"_links":{"self":[{"href":"https:\/\/www.keramika.com\/slovenija\/wp-json\/wp\/v2\/product\/104858"}],"collection":[{"href":"https:\/\/www.keramika.com\/slovenija\/wp-json\/wp\/v2\/product"}],"about":[{"href":"https:\/\/www.keramika.com\/slovenija\/wp-json\/wp\/v2\/types\/product"}],"wp:featuredmedia":[{"embeddable":true,"href":"https:\/\/www.keramika.com\/slovenija\/wp-json\/wp\/v2\/media\/104859"}],"wp:attachment":[{"href":"https:\/\/www.keramika.com\/slovenija\/wp-json\/wp\/v2\/media?parent=104858"}],"wp:term":[{"taxonomy":"product_cat","embeddable":true,"href":"https:\/\/www.keramika.com\/slovenija\/wp-json\/wp\/v2\/product_cat?post=104858"},{"taxonomy":"product_tag","embeddable":true,"href":"https:\/\/www.keramika.com\/slovenija\/wp-json\/wp\/v2\/product_tag?post=104858"}],"curies":[{"name":"wp","href":"https:\/\/api.w.org\/{rel}","templated":true}]}}