{"id":104840,"date":"2017-03-23T00:25:11","date_gmt":"2017-03-23T00:25:11","guid":{"rendered":"http:\/\/keramika.holest.com\/slovenija\/product\/alttoglass-mozaik-cool-rushmore\/"},"modified":"2026-01-03T00:02:35","modified_gmt":"2026-01-03T00:02:35","slug":"alttoglass-mozaik-cool-rushmore","status":"publish","type":"product","link":"https:\/\/www.keramika.com\/slovenija\/alttoglass-mozaik-cool-rushmore\/","title":{"rendered":"Alttoglass mozaik Cool Rushmore"},"content":{"rendered":"<p>8 mm je debelina, ki zadovolji tudi zahtevnej\u0161e kupce. Alttoglass Mosaic Cool Rushmore je na voljo po zelo ugodni ceni 300 EUR. Ta mozaik plo\u0161\u010dica v \u010dudoviti be\u017e barvi bo obogatila vsak prostor. Ta mozaik je izdelal proizvajalec Alttoglass, ki prihaja iz \u0160panije. Velikost mre\u017ee z mozaikom je 30&#215;30 cm, kar omogo\u010da enostavno polaganje.<\/p>\n<p>Kliknite na ime kolekcije za ogled vseh plo\u0161\u010dic iz te serije: <a class=\"pdfcatal\" href=\"\/\/www.ceramictiles.com\/pdf\/altoglass\/catalogue_altoglass_cool.pdf\" onclick=\"recordOutboundLink(this, 'E-mail', 'Description PDF');return false;\">Alttoglass Cool<\/a><\/p>\n<p>\u010ce \u017eelite naro\u010diti model iz pdf kataloga te kolekcije, nam pi\u0161ite na: <a href=\"mailto:keramoteka.salon@gmail.com\" onclick=\"recordOutboundLink(this, 'E-mail', 'Description mail');return false;\">keramoteka.salon@gmail.com<\/a> ali pa nas pokli\u010dite na: 031 255 900.<\/p>\n<p>Technical description: <br \/>Min. 1 box \u2013 Delivery 30 Euro\/box in EU<br \/>16 kg<\/p>\n","protected":false},"excerpt":{"rendered":"<p>8 mm je debelina, ki zadovolji tudi zahtevnej\u0161e kupce. Alttoglass Mosaic Cool Rushmore je na voljo po zelo ugodni ceni 300 EUR. Ta mozaik plo\u0161\u010dica v \u010dudoviti be\u017e barvi bo obogatila vsak prostor. Ta mozaik je izdelal proizvajalec Alttoglass, ki prihaja iz \u0160panije. Velikost mre\u017ee z mozaikom je 30&#215;30 cm, kar omogo\u010da enostavno polaganje. Kliknite [&hellip;]<\/p>\n","protected":false},"featured_media":104841,"template":"","meta":[],"product_cat":[999759,420,400,999,430],"product_tag":[],"_links":{"self":[{"href":"https:\/\/www.keramika.com\/slovenija\/wp-json\/wp\/v2\/product\/104840"}],"collection":[{"href":"https:\/\/www.keramika.com\/slovenija\/wp-json\/wp\/v2\/product"}],"about":[{"href":"https:\/\/www.keramika.com\/slovenija\/wp-json\/wp\/v2\/types\/product"}],"wp:featuredmedia":[{"embeddable":true,"href":"https:\/\/www.keramika.com\/slovenija\/wp-json\/wp\/v2\/media\/104841"}],"wp:attachment":[{"href":"https:\/\/www.keramika.com\/slovenija\/wp-json\/wp\/v2\/media?parent=104840"}],"wp:term":[{"taxonomy":"product_cat","embeddable":true,"href":"https:\/\/www.keramika.com\/slovenija\/wp-json\/wp\/v2\/product_cat?post=104840"},{"taxonomy":"product_tag","embeddable":true,"href":"https:\/\/www.keramika.com\/slovenija\/wp-json\/wp\/v2\/product_tag?post=104840"}],"curies":[{"name":"wp","href":"https:\/\/api.w.org\/{rel}","templated":true}]}}