{"id":104812,"date":"2017-03-23T00:24:10","date_gmt":"2017-03-23T00:24:10","guid":{"rendered":"http:\/\/keramika.holest.com\/slovenija\/product\/alttoglass-mozaik-chic-brick-smart\/"},"modified":"2026-01-03T00:02:31","modified_gmt":"2026-01-03T00:02:31","slug":"alttoglass-mozaik-chic-brick-smart","status":"publish","type":"product","link":"https:\/\/www.keramika.com\/slovenija\/alttoglass-mozaik-chic-brick-smart\/","title":{"rendered":"Alttoglass mozaik Chic Brick Smart"},"content":{"rendered":"<p>Pri izbiri mozaika v glavni beli barvi ne morete zgre\u0161iti. V redni prodaji bi morali za ta mozaik od\u0161teti 245 EUR, spletna cena pa zna\u0161a le 196 EUR. Ta mozaik je izdelal proizvajalec Alttoglass, ki prihaja iz \u0160panije. \u0160irina in dol\u017eina mre\u017ee na katero je pripet ta mozaik sta 33,3&#215;33,3 cm. Mre\u017eo lahko enostavno polo\u017eite na razli\u010dne povr\u0161ine. Mozaik je debel kar 4 mm, kar ga uvr\u0161\u010da med bolj trde mozaik plo\u0161\u010dice.<\/p>\n<p>Kliknite na ime kolekcije za ogled vseh plo\u0161\u010dic iz te serije: <a class=\"pdfcatal\" href=\"\/\/www.ceramictiles.com\/pdf\/altoglass\/catalogue_altoglass_chic.pdf\" onclick=\"recordOutboundLink(this, 'E-mail', 'Description PDF');return false;\">Alttoglass Chic<\/a><\/p>\n<p>\u010ce \u017eelite naro\u010diti model iz pdf kataloga te kolekcije, nam pi\u0161ite na: <a href=\"mailto:keramoteka.salon@gmail.com\" onclick=\"recordOutboundLink(this, 'E-mail', 'Description mail');return false;\">keramoteka.salon@gmail.com<\/a> ali pa nas pokli\u010dite na: 031 255 900.<\/p>\n<p>Technical description: <br \/>Min. 1 box \u2013 Delivery 30 Euro\/box in EU<br \/>Ref. J4102 &#8211; 8,2 kg<\/p>\n","protected":false},"excerpt":{"rendered":"<p>Pri izbiri mozaika v glavni beli barvi ne morete zgre\u0161iti. V redni prodaji bi morali za ta mozaik od\u0161teti 245 EUR, spletna cena pa zna\u0161a le 196 EUR. Ta mozaik je izdelal proizvajalec Alttoglass, ki prihaja iz \u0160panije. \u0160irina in dol\u017eina mre\u017ee na katero je pripet ta mozaik sta 33,3&#215;33,3 cm. Mre\u017eo lahko enostavno polo\u017eite [&hellip;]<\/p>\n","protected":false},"featured_media":104813,"template":"","meta":[],"product_cat":[999759,400,999,410],"product_tag":[],"_links":{"self":[{"href":"https:\/\/www.keramika.com\/slovenija\/wp-json\/wp\/v2\/product\/104812"}],"collection":[{"href":"https:\/\/www.keramika.com\/slovenija\/wp-json\/wp\/v2\/product"}],"about":[{"href":"https:\/\/www.keramika.com\/slovenija\/wp-json\/wp\/v2\/types\/product"}],"wp:featuredmedia":[{"embeddable":true,"href":"https:\/\/www.keramika.com\/slovenija\/wp-json\/wp\/v2\/media\/104813"}],"wp:attachment":[{"href":"https:\/\/www.keramika.com\/slovenija\/wp-json\/wp\/v2\/media?parent=104812"}],"wp:term":[{"taxonomy":"product_cat","embeddable":true,"href":"https:\/\/www.keramika.com\/slovenija\/wp-json\/wp\/v2\/product_cat?post=104812"},{"taxonomy":"product_tag","embeddable":true,"href":"https:\/\/www.keramika.com\/slovenija\/wp-json\/wp\/v2\/product_tag?post=104812"}],"curies":[{"name":"wp","href":"https:\/\/api.w.org\/{rel}","templated":true}]}}