{"id":104796,"date":"2017-03-23T00:23:36","date_gmt":"2017-03-23T00:23:36","guid":{"rendered":"http:\/\/keramika.holest.com\/slovenija\/product\/keramicne-ploscice-20x30-beige-2\/"},"modified":"2026-01-03T00:02:29","modified_gmt":"2026-01-03T00:02:29","slug":"keramicne-ploscice-20x30-beige-2","status":"publish","type":"product","link":"https:\/\/www.keramika.com\/slovenija\/keramicne-ploscice-20x30-beige-2\/","title":{"rendered":"Kerami\u010dne plo\u0161\u010dice 20&#215;30 Beige"},"content":{"rendered":"<p>7 mm debeline je dovolj tudi za zahtevnej\u0161e kupce. Ceramic tiles 20&#215;30 Beige je na voljo po zelo ugodni ceni 17,16 EUR. Z velikostjo 20&#215;30 cm je ta plo\u0161\u010dica primerna ze razli\u010dne povr\u0161ine. Letos so plo\u0161\u010dice v be\u017e barvi zelo za\u017eeljene. To plo\u0161\u010dico je izdelal proizvajalec Primusvitoria, ki prihaja iz Portugalske.<\/p>\n<p>Kliknite na ime kolekcije za ogled vseh plo\u0161\u010dic iz te serije: <a class=\"pdfcatal\" href=\"\/\/www.ceramictiles.com\/pdf\/primus\/catalogue_primus_vitoria.pdf\" onclick=\"recordOutboundLink(this, 'E-mail', 'Description PDF');return false;\">Primusvitoria Wallpaper<\/a><\/p>\n<p>\u010ce \u017eelite naro\u010diti model iz pdf kataloga te kolekcije, nam pi\u0161ite na: <a href=\"mailto:keramoteka.salon@gmail.com\" onclick=\"recordOutboundLink(this, 'E-mail', 'Description mail');return false;\">keramoteka.salon@gmail.com<\/a> ali pa nas pokli\u010dite na: 031 255 900.<\/p>\n","protected":false},"excerpt":{"rendered":"<p>7 mm debeline je dovolj tudi za zahtevnej\u0161e kupce. Ceramic tiles 20&#215;30 Beige je na voljo po zelo ugodni ceni 17,16 EUR. Z velikostjo 20&#215;30 cm je ta plo\u0161\u010dica primerna ze razli\u010dne povr\u0161ine. Letos so plo\u0161\u010dice v be\u017e barvi zelo za\u017eeljene. To plo\u0161\u010dico je izdelal proizvajalec Primusvitoria, ki prihaja iz Portugalske. Kliknite na ime kolekcije [&hellip;]<\/p>\n","protected":false},"featured_media":104797,"template":"","meta":[],"product_cat":[200,220,230,99921441,999,290],"product_tag":[],"_links":{"self":[{"href":"https:\/\/www.keramika.com\/slovenija\/wp-json\/wp\/v2\/product\/104796"}],"collection":[{"href":"https:\/\/www.keramika.com\/slovenija\/wp-json\/wp\/v2\/product"}],"about":[{"href":"https:\/\/www.keramika.com\/slovenija\/wp-json\/wp\/v2\/types\/product"}],"wp:featuredmedia":[{"embeddable":true,"href":"https:\/\/www.keramika.com\/slovenija\/wp-json\/wp\/v2\/media\/104797"}],"wp:attachment":[{"href":"https:\/\/www.keramika.com\/slovenija\/wp-json\/wp\/v2\/media?parent=104796"}],"wp:term":[{"taxonomy":"product_cat","embeddable":true,"href":"https:\/\/www.keramika.com\/slovenija\/wp-json\/wp\/v2\/product_cat?post=104796"},{"taxonomy":"product_tag","embeddable":true,"href":"https:\/\/www.keramika.com\/slovenija\/wp-json\/wp\/v2\/product_tag?post=104796"}],"curies":[{"name":"wp","href":"https:\/\/api.w.org\/{rel}","templated":true}]}}