{"id":104772,"date":"2017-03-23T00:22:47","date_gmt":"2017-03-23T00:22:47","guid":{"rendered":"http:\/\/keramika.holest.com\/slovenija\/product\/keramicne-ploscice-20x30-green\/"},"modified":"2026-01-03T00:02:23","modified_gmt":"2026-01-03T00:02:23","slug":"keramicne-ploscice-20x30-green","status":"publish","type":"product","link":"https:\/\/www.keramika.com\/slovenija\/keramicne-ploscice-20x30-green\/","title":{"rendered":"Kerami\u010dne plo\u0161\u010dice 20&#215;30 Green"},"content":{"rendered":"<p>Ceramic tiles 20&#215;30 Green je na voljo po zelo ugodni ceni 20,4 EUR. Velikost te plo\u0161\u010dice je 20&#215;30 cm in je primerna za razli\u010dne povr\u0161ine. Ta plo\u0161\u010dica je debela 7 mm in je zelo trpe\u017ena. Ta kerami\u010dna plo\u0161\u010dica v \u010dudoviti zeleni barvi bo obogatila vsak prostor. To plo\u0161\u010dico je izdelal proizvajalec Primusvitoria, ki prihaja iz Portugalske.<\/p>\n<p>Kliknite na ime kolekcije za ogled vseh plo\u0161\u010dic iz te serije: <a class=\"pdfcatal\" href=\"\/\/www.ceramictiles.com\/pdf\/primus\/catalogue_primus_vitoria.pdf\" onclick=\"recordOutboundLink(this, 'E-mail', 'Description PDF');return false;\">Primusvitoria Organza<\/a><\/p>\n<p>\u010ce \u017eelite naro\u010diti model iz pdf kataloga te kolekcije, nam pi\u0161ite na: <a href=\"mailto:keramoteka.salon@gmail.com\" onclick=\"recordOutboundLink(this, 'E-mail', 'Description mail');return false;\">keramoteka.salon@gmail.com<\/a> ali pa nas pokli\u010dite na: 031 255 900.<\/p>\n","protected":false},"excerpt":{"rendered":"<p>Ceramic tiles 20&#215;30 Green je na voljo po zelo ugodni ceni 20,4 EUR. Velikost te plo\u0161\u010dice je 20&#215;30 cm in je primerna za razli\u010dne povr\u0161ine. Ta plo\u0161\u010dica je debela 7 mm in je zelo trpe\u017ena. Ta kerami\u010dna plo\u0161\u010dica v \u010dudoviti zeleni barvi bo obogatila vsak prostor. To plo\u0161\u010dico je izdelal proizvajalec Primusvitoria, ki prihaja iz [&hellip;]<\/p>\n","protected":false},"featured_media":104773,"template":"","meta":[],"product_cat":[200,220,230,99921441,999,290],"product_tag":[],"_links":{"self":[{"href":"https:\/\/www.keramika.com\/slovenija\/wp-json\/wp\/v2\/product\/104772"}],"collection":[{"href":"https:\/\/www.keramika.com\/slovenija\/wp-json\/wp\/v2\/product"}],"about":[{"href":"https:\/\/www.keramika.com\/slovenija\/wp-json\/wp\/v2\/types\/product"}],"wp:featuredmedia":[{"embeddable":true,"href":"https:\/\/www.keramika.com\/slovenija\/wp-json\/wp\/v2\/media\/104773"}],"wp:attachment":[{"href":"https:\/\/www.keramika.com\/slovenija\/wp-json\/wp\/v2\/media?parent=104772"}],"wp:term":[{"taxonomy":"product_cat","embeddable":true,"href":"https:\/\/www.keramika.com\/slovenija\/wp-json\/wp\/v2\/product_cat?post=104772"},{"taxonomy":"product_tag","embeddable":true,"href":"https:\/\/www.keramika.com\/slovenija\/wp-json\/wp\/v2\/product_tag?post=104772"}],"curies":[{"name":"wp","href":"https:\/\/api.w.org\/{rel}","templated":true}]}}