{"id":104770,"date":"2017-03-23T00:22:43","date_gmt":"2017-03-23T00:22:43","guid":{"rendered":"http:\/\/keramika.holest.com\/slovenija\/product\/keramicne-ploscice-20x30-white-2\/"},"modified":"2026-01-03T00:02:22","modified_gmt":"2026-01-03T00:02:22","slug":"keramicne-ploscice-20x30-white-2","status":"publish","type":"product","link":"https:\/\/www.keramika.com\/slovenija\/keramicne-ploscice-20x30-white-2\/","title":{"rendered":"Kerami\u010dne plo\u0161\u010dice 20&#215;30 White"},"content":{"rendered":"<p>Ceramic tiles 20&#215;30 White je pripeljana iz Portugalske in je zelo kvalitetna. Debelina kar 7 mm dela to plo\u0161\u010dico zelo trpe\u017eno in presti\u017eno na otip. V redni prodaji bi morali za to plo\u0161\u010dico od\u0161teti 25,5 EUR, spletna cena pa zna\u0161a le 20,4 EUR. Z velikostjo 20&#215;30 cm je ta plo\u0161\u010dica primerna ze razli\u010dne povr\u0161ine. Zelo moderna plo\u0161\u010dica v beli barvi popestri prav vsak prostor.<\/p>\n<p>Kliknite na ime kolekcije za ogled vseh plo\u0161\u010dic iz te serije: <a class=\"pdfcatal\" href=\"\/\/www.ceramictiles.com\/pdf\/primus\/catalogue_primus_vitoria.pdf\" onclick=\"recordOutboundLink(this, 'E-mail', 'Description PDF');return false;\">Primusvitoria Organza<\/a><\/p>\n<p>\u010ce \u017eelite naro\u010diti model iz pdf kataloga te kolekcije, nam pi\u0161ite na: <a href=\"mailto:keramoteka.salon@gmail.com\" onclick=\"recordOutboundLink(this, 'E-mail', 'Description mail');return false;\">keramoteka.salon@gmail.com<\/a> ali pa nas pokli\u010dite na: 031 255 900.<\/p>\n","protected":false},"excerpt":{"rendered":"<p>Ceramic tiles 20&#215;30 White je pripeljana iz Portugalske in je zelo kvalitetna. Debelina kar 7 mm dela to plo\u0161\u010dico zelo trpe\u017eno in presti\u017eno na otip. V redni prodaji bi morali za to plo\u0161\u010dico od\u0161teti 25,5 EUR, spletna cena pa zna\u0161a le 20,4 EUR. Z velikostjo 20&#215;30 cm je ta plo\u0161\u010dica primerna ze razli\u010dne povr\u0161ine. Zelo [&hellip;]<\/p>\n","protected":false},"featured_media":104771,"template":"","meta":[],"product_cat":[200,220,230,99921441,999,290],"product_tag":[],"_links":{"self":[{"href":"https:\/\/www.keramika.com\/slovenija\/wp-json\/wp\/v2\/product\/104770"}],"collection":[{"href":"https:\/\/www.keramika.com\/slovenija\/wp-json\/wp\/v2\/product"}],"about":[{"href":"https:\/\/www.keramika.com\/slovenija\/wp-json\/wp\/v2\/types\/product"}],"wp:featuredmedia":[{"embeddable":true,"href":"https:\/\/www.keramika.com\/slovenija\/wp-json\/wp\/v2\/media\/104771"}],"wp:attachment":[{"href":"https:\/\/www.keramika.com\/slovenija\/wp-json\/wp\/v2\/media?parent=104770"}],"wp:term":[{"taxonomy":"product_cat","embeddable":true,"href":"https:\/\/www.keramika.com\/slovenija\/wp-json\/wp\/v2\/product_cat?post=104770"},{"taxonomy":"product_tag","embeddable":true,"href":"https:\/\/www.keramika.com\/slovenija\/wp-json\/wp\/v2\/product_tag?post=104770"}],"curies":[{"name":"wp","href":"https:\/\/api.w.org\/{rel}","templated":true}]}}