{"id":104748,"date":"2017-03-23T00:21:54","date_gmt":"2017-03-23T00:21:54","guid":{"rendered":"http:\/\/keramika.holest.com\/slovenija\/product\/keramicne-ploscice-15x15-white-2\/"},"modified":"2026-01-03T00:02:17","modified_gmt":"2026-01-03T00:02:17","slug":"keramicne-ploscice-15x15-white-2","status":"publish","type":"product","link":"https:\/\/www.keramika.com\/slovenija\/keramicne-ploscice-15x15-white-2\/","title":{"rendered":"Kerami\u010dne plo\u0161\u010dice 15&#215;15 White"},"content":{"rendered":"<p>Plo\u0161\u010dica je debela kar 6 mm, kar jo uvr\u0161\u010da med bolj trde plo\u0161\u010dice. 24,75 EUR v klasi\u010dni trgovini, pri nas pa le 19,8 EUR. Ceramic tiles 15&#215;15 White je plo\u0161\u010dica proizvajalca Primusvitoria in prihaja iz Portugalske. Z velikostjo 15&#215;15 cm je ta plo\u0161\u010dica primerna ze razli\u010dne povr\u0161ine. Pri izbiri plo\u0161\u010dice v beli barvi ne morete zgre\u0161iti.<\/p>\n<p>Kliknite na ime kolekcije za ogled vseh plo\u0161\u010dic iz te serije: <a class=\"pdfcatal\" href=\"\/\/www.ceramictiles.com\/pdf\/primus\/catalogue_primus_vitoria.pdf\" onclick=\"recordOutboundLink(this, 'E-mail', 'Description PDF');return false;\">Primusvitoria Marroco<\/a><\/p>\n<p>\u010ce \u017eelite naro\u010diti model iz pdf kataloga te kolekcije, nam pi\u0161ite na: <a href=\"mailto:keramoteka.salon@gmail.com\" onclick=\"recordOutboundLink(this, 'E-mail', 'Description mail');return false;\">keramoteka.salon@gmail.com<\/a> ali pa nas pokli\u010dite na: 031 255 900.<\/p>\n","protected":false},"excerpt":{"rendered":"<p>Plo\u0161\u010dica je debela kar 6 mm, kar jo uvr\u0161\u010da med bolj trde plo\u0161\u010dice. 24,75 EUR v klasi\u010dni trgovini, pri nas pa le 19,8 EUR. Ceramic tiles 15&#215;15 White je plo\u0161\u010dica proizvajalca Primusvitoria in prihaja iz Portugalske. Z velikostjo 15&#215;15 cm je ta plo\u0161\u010dica primerna ze razli\u010dne povr\u0161ine. Pri izbiri plo\u0161\u010dice v beli barvi ne morete [&hellip;]<\/p>\n","protected":false},"featured_media":104749,"template":"","meta":[],"product_cat":[200,220,230,99921441,999,290],"product_tag":[],"_links":{"self":[{"href":"https:\/\/www.keramika.com\/slovenija\/wp-json\/wp\/v2\/product\/104748"}],"collection":[{"href":"https:\/\/www.keramika.com\/slovenija\/wp-json\/wp\/v2\/product"}],"about":[{"href":"https:\/\/www.keramika.com\/slovenija\/wp-json\/wp\/v2\/types\/product"}],"wp:featuredmedia":[{"embeddable":true,"href":"https:\/\/www.keramika.com\/slovenija\/wp-json\/wp\/v2\/media\/104749"}],"wp:attachment":[{"href":"https:\/\/www.keramika.com\/slovenija\/wp-json\/wp\/v2\/media?parent=104748"}],"wp:term":[{"taxonomy":"product_cat","embeddable":true,"href":"https:\/\/www.keramika.com\/slovenija\/wp-json\/wp\/v2\/product_cat?post=104748"},{"taxonomy":"product_tag","embeddable":true,"href":"https:\/\/www.keramika.com\/slovenija\/wp-json\/wp\/v2\/product_tag?post=104748"}],"curies":[{"name":"wp","href":"https:\/\/api.w.org\/{rel}","templated":true}]}}