{"id":104726,"date":"2017-03-23T00:21:11","date_gmt":"2017-03-23T00:21:11","guid":{"rendered":"http:\/\/keramika.holest.com\/slovenija\/product\/keramicne-ploscice-20x20-brown\/"},"modified":"2026-01-03T00:02:13","modified_gmt":"2026-01-03T00:02:13","slug":"keramicne-ploscice-20x20-brown","status":"publish","type":"product","link":"https:\/\/www.keramika.com\/slovenija\/keramicne-ploscice-20x20-brown\/","title":{"rendered":"Kerami\u010dne plo\u0161\u010dice 20&#215;20 Brown"},"content":{"rendered":"<p>Ta plo\u0161\u010dica je debela 6 mm in je zelo trpe\u017ena. Ceramic tiles 20&#215;20 Brown prihaja iz Portugalske, ki je znana po zelo kvalitetni keramiki v svetovnem merilu. Zelo moderna plo\u0161\u010dica v rjavi barvi popestri prav vsak prostor. \u0160irina in dol\u017eina te plo\u0161\u010dice sta 20&#215;20 cm. Ceramic tiles 20&#215;20 Brown je na voljo po zelo ugodni ceni 26,76 EUR.<\/p>\n<p>Kliknite na ime kolekcije za ogled vseh plo\u0161\u010dic iz te serije: <a class=\"pdfcatal\" href=\"\/\/www.ceramictiles.com\/pdf\/primus\/catalogue_primus_vitoria.pdf\" onclick=\"recordOutboundLink(this, 'E-mail', 'Description PDF');return false;\">Primusvitoria Dot Floor<\/a><\/p>\n<p>\u010ce \u017eelite naro\u010diti model iz pdf kataloga te kolekcije, nam pi\u0161ite na: <a href=\"mailto:keramoteka.salon@gmail.com\" onclick=\"recordOutboundLink(this, 'E-mail', 'Description mail');return false;\">keramoteka.salon@gmail.com<\/a> ali pa nas pokli\u010dite na: 031 255 900.<\/p>\n","protected":false},"excerpt":{"rendered":"<p>Ta plo\u0161\u010dica je debela 6 mm in je zelo trpe\u017ena. Ceramic tiles 20&#215;20 Brown prihaja iz Portugalske, ki je znana po zelo kvalitetni keramiki v svetovnem merilu. Zelo moderna plo\u0161\u010dica v rjavi barvi popestri prav vsak prostor. \u0160irina in dol\u017eina te plo\u0161\u010dice sta 20&#215;20 cm. Ceramic tiles 20&#215;20 Brown je na voljo po zelo ugodni [&hellip;]<\/p>\n","protected":false},"featured_media":104727,"template":"","meta":[],"product_cat":[200,220,230,99921441,999,290],"product_tag":[],"_links":{"self":[{"href":"https:\/\/www.keramika.com\/slovenija\/wp-json\/wp\/v2\/product\/104726"}],"collection":[{"href":"https:\/\/www.keramika.com\/slovenija\/wp-json\/wp\/v2\/product"}],"about":[{"href":"https:\/\/www.keramika.com\/slovenija\/wp-json\/wp\/v2\/types\/product"}],"wp:featuredmedia":[{"embeddable":true,"href":"https:\/\/www.keramika.com\/slovenija\/wp-json\/wp\/v2\/media\/104727"}],"wp:attachment":[{"href":"https:\/\/www.keramika.com\/slovenija\/wp-json\/wp\/v2\/media?parent=104726"}],"wp:term":[{"taxonomy":"product_cat","embeddable":true,"href":"https:\/\/www.keramika.com\/slovenija\/wp-json\/wp\/v2\/product_cat?post=104726"},{"taxonomy":"product_tag","embeddable":true,"href":"https:\/\/www.keramika.com\/slovenija\/wp-json\/wp\/v2\/product_tag?post=104726"}],"curies":[{"name":"wp","href":"https:\/\/api.w.org\/{rel}","templated":true}]}}