{"id":104716,"date":"2017-03-23T00:20:51","date_gmt":"2017-03-23T00:20:51","guid":{"rendered":"http:\/\/keramika.holest.com\/slovenija\/product\/keramicne-ploscice-20x20-red\/"},"modified":"2026-01-03T00:02:12","modified_gmt":"2026-01-03T00:02:12","slug":"keramicne-ploscice-20x20-red","status":"publish","type":"product","link":"https:\/\/www.keramika.com\/slovenija\/keramicne-ploscice-20x20-red\/","title":{"rendered":"Kerami\u010dne plo\u0161\u010dice 20&#215;20 Red"},"content":{"rendered":"<p>52,28 EUR v klasi\u010dni trgovini, pri nas pa le 41,82 EUR. Ceramic tiles 20&#215;20 Red prihaja iz Portugalske, ki je znana po zelo kvalitetni keramiki v svetovnem merilu. Ta kerami\u010dna plo\u0161\u010dica v \u010dudoviti beli barvi bo obogatila vsak prostor. Velikost te plo\u0161\u010dice je 20&#215;20 cm. Debelina plo\u0161\u010dice je zelo pomembna in 7 mm uvr\u0161\u010da to plo\u0161\u010dico med najkvalitetnej\u0161e.<\/p>\n<p>Kliknite na ime kolekcije za ogled vseh plo\u0161\u010dic iz te serije: <a class=\"pdfcatal\" href=\"\/\/www.ceramictiles.com\/pdf\/primus\/catalogue_primus_vitoria.pdf\" onclick=\"recordOutboundLink(this, 'E-mail', 'Description PDF');return false;\">Primusvitoria Brilho<\/a><\/p>\n<p>\u010ce \u017eelite naro\u010diti model iz pdf kataloga te kolekcije, nam pi\u0161ite na: <a href=\"mailto:keramoteka.salon@gmail.com\" onclick=\"recordOutboundLink(this, 'E-mail', 'Description mail');return false;\">keramoteka.salon@gmail.com<\/a> ali pa nas pokli\u010dite na: 031 255 900.<\/p>\n","protected":false},"excerpt":{"rendered":"<p>52,28 EUR v klasi\u010dni trgovini, pri nas pa le 41,82 EUR. Ceramic tiles 20&#215;20 Red prihaja iz Portugalske, ki je znana po zelo kvalitetni keramiki v svetovnem merilu. Ta kerami\u010dna plo\u0161\u010dica v \u010dudoviti beli barvi bo obogatila vsak prostor. Velikost te plo\u0161\u010dice je 20&#215;20 cm. Debelina plo\u0161\u010dice je zelo pomembna in 7 mm uvr\u0161\u010da to [&hellip;]<\/p>\n","protected":false},"featured_media":104717,"template":"","meta":[],"product_cat":[200,220,230,99921441,999,290],"product_tag":[],"_links":{"self":[{"href":"https:\/\/www.keramika.com\/slovenija\/wp-json\/wp\/v2\/product\/104716"}],"collection":[{"href":"https:\/\/www.keramika.com\/slovenija\/wp-json\/wp\/v2\/product"}],"about":[{"href":"https:\/\/www.keramika.com\/slovenija\/wp-json\/wp\/v2\/types\/product"}],"wp:featuredmedia":[{"embeddable":true,"href":"https:\/\/www.keramika.com\/slovenija\/wp-json\/wp\/v2\/media\/104717"}],"wp:attachment":[{"href":"https:\/\/www.keramika.com\/slovenija\/wp-json\/wp\/v2\/media?parent=104716"}],"wp:term":[{"taxonomy":"product_cat","embeddable":true,"href":"https:\/\/www.keramika.com\/slovenija\/wp-json\/wp\/v2\/product_cat?post=104716"},{"taxonomy":"product_tag","embeddable":true,"href":"https:\/\/www.keramika.com\/slovenija\/wp-json\/wp\/v2\/product_tag?post=104716"}],"curies":[{"name":"wp","href":"https:\/\/api.w.org\/{rel}","templated":true}]}}