{"id":104706,"date":"2017-03-23T00:20:30","date_gmt":"2017-03-23T00:20:30","guid":{"rendered":"http:\/\/keramika.holest.com\/slovenija\/product\/keramicne-ploscice-10x20-white\/"},"modified":"2026-01-03T00:02:10","modified_gmt":"2026-01-03T00:02:10","slug":"keramicne-ploscice-10x20-white","status":"publish","type":"product","link":"https:\/\/www.keramika.com\/slovenija\/keramicne-ploscice-10x20-white\/","title":{"rendered":"Kerami\u010dne plo\u0161\u010dice 10&#215;20 White"},"content":{"rendered":"<p>V redni prodaji bi morali za to plo\u0161\u010dico od\u0161teti 35,22 EUR, spletna cena pa zna\u0161a le 31,62 EUR. Velikost te plo\u0161\u010dice je 10&#215;20 cm. Ceramic tiles 10&#215;20 White prihaja iz Portugalske, ki je znana po zelo kvalitetni keramiki v svetovnem merilu. Pri izbiri plo\u0161\u010dice v beli barvi ne morete zgre\u0161iti. Plo\u0161\u010dica je debela kar 7 mm, kar jo uvr\u0161\u010da med bolj trde plo\u0161\u010dice.<\/p>\n<p>Kliknite na ime kolekcije za ogled vseh plo\u0161\u010dic iz te serije: <a class=\"pdfcatal\" href=\"\/\/www.ceramictiles.com\/pdf\/primus\/catalogue_primus_vitoria.pdf\" onclick=\"recordOutboundLink(this, 'E-mail', 'Description PDF');return false;\">Primusvitoria Biselados<\/a><\/p>\n<p>\u010ce \u017eelite naro\u010diti model iz pdf kataloga te kolekcije, nam pi\u0161ite na: <a href=\"mailto:keramoteka.salon@gmail.com\" onclick=\"recordOutboundLink(this, 'E-mail', 'Description mail');return false;\">keramoteka.salon@gmail.com<\/a> ali pa nas pokli\u010dite na: 031 255 900.<\/p>\n","protected":false},"excerpt":{"rendered":"<p>V redni prodaji bi morali za to plo\u0161\u010dico od\u0161teti 35,22 EUR, spletna cena pa zna\u0161a le 31,62 EUR. Velikost te plo\u0161\u010dice je 10&#215;20 cm. Ceramic tiles 10&#215;20 White prihaja iz Portugalske, ki je znana po zelo kvalitetni keramiki v svetovnem merilu. Pri izbiri plo\u0161\u010dice v beli barvi ne morete zgre\u0161iti. Plo\u0161\u010dica je debela kar 7 [&hellip;]<\/p>\n","protected":false},"featured_media":104707,"template":"","meta":[],"product_cat":[200,220,230,99921441,999,290],"product_tag":[],"_links":{"self":[{"href":"https:\/\/www.keramika.com\/slovenija\/wp-json\/wp\/v2\/product\/104706"}],"collection":[{"href":"https:\/\/www.keramika.com\/slovenija\/wp-json\/wp\/v2\/product"}],"about":[{"href":"https:\/\/www.keramika.com\/slovenija\/wp-json\/wp\/v2\/types\/product"}],"wp:featuredmedia":[{"embeddable":true,"href":"https:\/\/www.keramika.com\/slovenija\/wp-json\/wp\/v2\/media\/104707"}],"wp:attachment":[{"href":"https:\/\/www.keramika.com\/slovenija\/wp-json\/wp\/v2\/media?parent=104706"}],"wp:term":[{"taxonomy":"product_cat","embeddable":true,"href":"https:\/\/www.keramika.com\/slovenija\/wp-json\/wp\/v2\/product_cat?post=104706"},{"taxonomy":"product_tag","embeddable":true,"href":"https:\/\/www.keramika.com\/slovenija\/wp-json\/wp\/v2\/product_tag?post=104706"}],"curies":[{"name":"wp","href":"https:\/\/api.w.org\/{rel}","templated":true}]}}