{"id":104698,"date":"2017-03-23T00:20:13","date_gmt":"2017-03-23T00:20:13","guid":{"rendered":"http:\/\/keramika.holest.com\/slovenija\/product\/mosavit-mosaico-trendy-celeste\/"},"modified":"2026-01-03T00:02:09","modified_gmt":"2026-01-03T00:02:09","slug":"mosavit-mosaico-trendy-celeste","status":"publish","type":"product","link":"https:\/\/www.keramika.com\/slovenija\/mosavit-mosaico-trendy-celeste\/","title":{"rendered":"Mosavit Mosaico Trendy Celeste"},"content":{"rendered":"<p>Zelo moderen mozaik v dominanti beli barvi popestri prav vsak prostor. \u0160irina in dol\u017eina mre\u017ee na katero je pripet ta mozaik sta 31,6&#215;31,6 cm. Mre\u017eo lahko enostavno polo\u017eite na razli\u010dne povr\u0161ine. 5 mm je debelina, ki zadovolji tudi zahtevnej\u0161e kupce. Redna cena tega mozaika v maloprodaji zna\u0161a 171,88 EUR, v na\u0161i spletni trgovini pa ga lahko dobite \u017ee za 137,5 EUR. Prihaja iz \u0160panije, ki po svetu slovi kot ena bolj\u0161ih proizvajalk kerami\u010dnih plo\u0161\u010dic.<\/p>\n<p>Technical description: <\/p>\n<p>Min. 1 box &#8211; Delivery 30 Euro\/box in EU<\/p>\n","protected":false},"excerpt":{"rendered":"<p>Zelo moderen mozaik v dominanti beli barvi popestri prav vsak prostor. \u0160irina in dol\u017eina mre\u017ee na katero je pripet ta mozaik sta 31,6&#215;31,6 cm. Mre\u017eo lahko enostavno polo\u017eite na razli\u010dne povr\u0161ine. 5 mm je debelina, ki zadovolji tudi zahtevnej\u0161e kupce. Redna cena tega mozaika v maloprodaji zna\u0161a 171,88 EUR, v na\u0161i spletni trgovini pa ga [&hellip;]<\/p>\n","protected":false},"featured_media":104699,"template":"","meta":[],"product_cat":[999405,400,999,410],"product_tag":[],"_links":{"self":[{"href":"https:\/\/www.keramika.com\/slovenija\/wp-json\/wp\/v2\/product\/104698"}],"collection":[{"href":"https:\/\/www.keramika.com\/slovenija\/wp-json\/wp\/v2\/product"}],"about":[{"href":"https:\/\/www.keramika.com\/slovenija\/wp-json\/wp\/v2\/types\/product"}],"wp:featuredmedia":[{"embeddable":true,"href":"https:\/\/www.keramika.com\/slovenija\/wp-json\/wp\/v2\/media\/104699"}],"wp:attachment":[{"href":"https:\/\/www.keramika.com\/slovenija\/wp-json\/wp\/v2\/media?parent=104698"}],"wp:term":[{"taxonomy":"product_cat","embeddable":true,"href":"https:\/\/www.keramika.com\/slovenija\/wp-json\/wp\/v2\/product_cat?post=104698"},{"taxonomy":"product_tag","embeddable":true,"href":"https:\/\/www.keramika.com\/slovenija\/wp-json\/wp\/v2\/product_tag?post=104698"}],"curies":[{"name":"wp","href":"https:\/\/api.w.org\/{rel}","templated":true}]}}