{"id":104690,"date":"2017-03-23T00:19:55","date_gmt":"2017-03-23T00:19:55","guid":{"rendered":"http:\/\/keramika.holest.com\/slovenija\/product\/mosavit-mosaico-sundance-rosa\/"},"modified":"2026-01-03T00:02:08","modified_gmt":"2026-01-03T00:02:08","slug":"mosavit-mosaico-sundance-rosa","status":"publish","type":"product","link":"https:\/\/www.keramika.com\/slovenija\/mosavit-mosaico-sundance-rosa\/","title":{"rendered":"Mosavit Mosaico Sundance Rosa"},"content":{"rendered":"<p>Debelina kar 5 mm dela ta mozaik zelo trpe\u017een in presti\u017een na otip. Mosavit Mosaico Sundance Rosa je na voljo po zelo ugodni ceni 122,5 EUR. Z 31,6&#215;31,6 cm je mre\u017ea na katero so pripete te mozaik plo\u0161\u010dice primerna za razli\u010dne podlage. Mosavit Mosaico Sundance Rosa je plo\u0161\u010dica proizvajalca Mosavit in prihaja iz \u0160panije. Ta model mozaik plo\u0161\u010dic se najbolje prodaja v roza barvi.<\/p>\n<p>Technical description: <\/p>\n<p>Min. 1 box &#8211; Delivery 30 Euro\/box in EU<\/p>\n","protected":false},"excerpt":{"rendered":"<p>Debelina kar 5 mm dela ta mozaik zelo trpe\u017een in presti\u017een na otip. Mosavit Mosaico Sundance Rosa je na voljo po zelo ugodni ceni 122,5 EUR. Z 31,6&#215;31,6 cm je mre\u017ea na katero so pripete te mozaik plo\u0161\u010dice primerna za razli\u010dne podlage. Mosavit Mosaico Sundance Rosa je plo\u0161\u010dica proizvajalca Mosavit in prihaja iz \u0160panije. Ta [&hellip;]<\/p>\n","protected":false},"featured_media":104691,"template":"","meta":[],"product_cat":[999405,400,999,410],"product_tag":[],"_links":{"self":[{"href":"https:\/\/www.keramika.com\/slovenija\/wp-json\/wp\/v2\/product\/104690"}],"collection":[{"href":"https:\/\/www.keramika.com\/slovenija\/wp-json\/wp\/v2\/product"}],"about":[{"href":"https:\/\/www.keramika.com\/slovenija\/wp-json\/wp\/v2\/types\/product"}],"wp:featuredmedia":[{"embeddable":true,"href":"https:\/\/www.keramika.com\/slovenija\/wp-json\/wp\/v2\/media\/104691"}],"wp:attachment":[{"href":"https:\/\/www.keramika.com\/slovenija\/wp-json\/wp\/v2\/media?parent=104690"}],"wp:term":[{"taxonomy":"product_cat","embeddable":true,"href":"https:\/\/www.keramika.com\/slovenija\/wp-json\/wp\/v2\/product_cat?post=104690"},{"taxonomy":"product_tag","embeddable":true,"href":"https:\/\/www.keramika.com\/slovenija\/wp-json\/wp\/v2\/product_tag?post=104690"}],"curies":[{"name":"wp","href":"https:\/\/api.w.org\/{rel}","templated":true}]}}