{"id":104684,"date":"2017-03-23T00:19:42","date_gmt":"2017-03-23T00:19:42","guid":{"rendered":"http:\/\/keramika.holest.com\/slovenija\/product\/mosavit-mosaico-sundance-manzana\/"},"modified":"2026-01-03T00:02:07","modified_gmt":"2026-01-03T00:02:07","slug":"mosavit-mosaico-sundance-manzana","status":"publish","type":"product","link":"https:\/\/www.keramika.com\/slovenija\/mosavit-mosaico-sundance-manzana\/","title":{"rendered":"Mosavit Mosaico Sundance Manzana"},"content":{"rendered":"<p>Ta mozaik je debel 5 mm in je zelo trpe\u017een. Mozaik dobite pripet na mre\u017eo, kar olaj\u0161a njegovo polaganje. Velikost mre\u017ee je 31,6&#215;31,6 cm in je primerna za razli\u010dne povr\u0161ine. Prihaja iz \u0160panije, ki po svetu slovi kot ena bolj\u0161ih proizvajalk kerami\u010dnih plo\u0161\u010dic. Ta model mozaik plo\u0161\u010dic se najbolje prodaja v zeleni barvi. Na spletu boste za ta mozaik od\u0161teli le 122,5 EUR, medtem ko v redni prodaji cena zna\u0161a 153,12 EUR.<\/p>\n<p>Technical description: <\/p>\n<p>Min. 1 box &#8211; Delivery 30 Euro\/box in EU<\/p>\n","protected":false},"excerpt":{"rendered":"<p>Ta mozaik je debel 5 mm in je zelo trpe\u017een. Mozaik dobite pripet na mre\u017eo, kar olaj\u0161a njegovo polaganje. Velikost mre\u017ee je 31,6&#215;31,6 cm in je primerna za razli\u010dne povr\u0161ine. Prihaja iz \u0160panije, ki po svetu slovi kot ena bolj\u0161ih proizvajalk kerami\u010dnih plo\u0161\u010dic. Ta model mozaik plo\u0161\u010dic se najbolje prodaja v zeleni barvi. Na spletu [&hellip;]<\/p>\n","protected":false},"featured_media":104685,"template":"","meta":[],"product_cat":[999405,400,999,410],"product_tag":[],"_links":{"self":[{"href":"https:\/\/www.keramika.com\/slovenija\/wp-json\/wp\/v2\/product\/104684"}],"collection":[{"href":"https:\/\/www.keramika.com\/slovenija\/wp-json\/wp\/v2\/product"}],"about":[{"href":"https:\/\/www.keramika.com\/slovenija\/wp-json\/wp\/v2\/types\/product"}],"wp:featuredmedia":[{"embeddable":true,"href":"https:\/\/www.keramika.com\/slovenija\/wp-json\/wp\/v2\/media\/104685"}],"wp:attachment":[{"href":"https:\/\/www.keramika.com\/slovenija\/wp-json\/wp\/v2\/media?parent=104684"}],"wp:term":[{"taxonomy":"product_cat","embeddable":true,"href":"https:\/\/www.keramika.com\/slovenija\/wp-json\/wp\/v2\/product_cat?post=104684"},{"taxonomy":"product_tag","embeddable":true,"href":"https:\/\/www.keramika.com\/slovenija\/wp-json\/wp\/v2\/product_tag?post=104684"}],"curies":[{"name":"wp","href":"https:\/\/api.w.org\/{rel}","templated":true}]}}