{"id":104666,"date":"2017-03-23T00:19:02","date_gmt":"2017-03-23T00:19:02","guid":{"rendered":"http:\/\/keramika.holest.com\/slovenija\/product\/mosavit-mosaico-moondance-blanco-y-negro\/"},"modified":"2026-01-03T00:02:05","modified_gmt":"2026-01-03T00:02:05","slug":"mosavit-mosaico-moondance-blanco-y-negro","status":"publish","type":"product","link":"https:\/\/www.keramika.com\/slovenija\/mosavit-mosaico-moondance-blanco-y-negro\/","title":{"rendered":"Mosavit Mosaico Moondance Blanco Y Negro"},"content":{"rendered":"<p>Zaradi ni\u017ejih stro\u0161kov pri spletni prodaji boste na na\u0161i strani za ta mozaik od\u0161teli le 122,5 EUR. Mosavit Mosaico Moondance Blanco Y Negro je plo\u0161\u010dica proizvajalca Mosavit in prihaja iz \u0160panije. Ta model mozaik plo\u0161\u010dic se najbolje prodaja v beli barvi. Debelina kar 5 mm dela ta mozaik zelo trpe\u017een in presti\u017een na otip. Mozaik na sliki je pripet na mre\u017eo, kar olaj\u0161a njegovo polaganje. Mre\u017ea je velika 31,6&#215;31,6 cm.<\/p>\n<p>Technical description: <\/p>\n<p>Min. 1 box &#8211; Delivery 30 Euro\/box in EU<\/p>\n","protected":false},"excerpt":{"rendered":"<p>Zaradi ni\u017ejih stro\u0161kov pri spletni prodaji boste na na\u0161i strani za ta mozaik od\u0161teli le 122,5 EUR. Mosavit Mosaico Moondance Blanco Y Negro je plo\u0161\u010dica proizvajalca Mosavit in prihaja iz \u0160panije. Ta model mozaik plo\u0161\u010dic se najbolje prodaja v beli barvi. Debelina kar 5 mm dela ta mozaik zelo trpe\u017een in presti\u017een na otip. Mozaik [&hellip;]<\/p>\n","protected":false},"featured_media":104667,"template":"","meta":[],"product_cat":[999405,400,999,410],"product_tag":[],"_links":{"self":[{"href":"https:\/\/www.keramika.com\/slovenija\/wp-json\/wp\/v2\/product\/104666"}],"collection":[{"href":"https:\/\/www.keramika.com\/slovenija\/wp-json\/wp\/v2\/product"}],"about":[{"href":"https:\/\/www.keramika.com\/slovenija\/wp-json\/wp\/v2\/types\/product"}],"wp:featuredmedia":[{"embeddable":true,"href":"https:\/\/www.keramika.com\/slovenija\/wp-json\/wp\/v2\/media\/104667"}],"wp:attachment":[{"href":"https:\/\/www.keramika.com\/slovenija\/wp-json\/wp\/v2\/media?parent=104666"}],"wp:term":[{"taxonomy":"product_cat","embeddable":true,"href":"https:\/\/www.keramika.com\/slovenija\/wp-json\/wp\/v2\/product_cat?post=104666"},{"taxonomy":"product_tag","embeddable":true,"href":"https:\/\/www.keramika.com\/slovenija\/wp-json\/wp\/v2\/product_tag?post=104666"}],"curies":[{"name":"wp","href":"https:\/\/api.w.org\/{rel}","templated":true}]}}